{"id":800,"date":"2025-10-10T09:27:26","date_gmt":"2025-10-10T09:27:26","guid":{"rendered":"https:\/\/rikoncranes.com\/servizi\/"},"modified":"2026-04-13T12:52:06","modified_gmt":"2026-04-13T12:52:06","slug":"servizi","status":"publish","type":"page","link":"https:\/\/rikoncranes.com\/it\/servizi\/","title":{"rendered":"Servizi"},"content":{"rendered":"<section class=\"ps-section ps-restricted-container\">\n    <div class=\"ps-content\">\n        <div class=\"restricted-width\">\n            <div class=\"inner-container\">\n                \n\n<h2 class=\"wp-block-heading has-extra-large-font-size\"><mark style=\"background-color:rgba(0, 0, 0, 0)\" class=\"has-inline-color has-vivid-red-color\">SERVIZI<\/mark> RIKON<\/h2>\n\n\n            <\/div>\n        <\/div>\n    <\/div>\n<\/section>\n<section class=\"ps-section ps-page-lead\"><div class=\"ps-content\"><div class=\"inner-container\"><div class=\"inner-wrapper\"><h2 class=\"lead-title\">Dal concetto all&#8217;operativit\u00e0<\/h2><p class=\"lead-text\">In RIKON, offriamo servizi end-to-end per garantire l&#8217;efficienza, la sicurezza e la longevit\u00e0 delle vostre attrezzature di sollevamento. La nostra esperienza copre l&#8217;intero ciclo di vita delle gru \u2014 dalla progettazione alla manutenzione. L&#8217;azienda continua ad espandere la propria linea di produzione, ad ampliare l&#8217;elenco dei partner e a sviluppare nuovi promettenti settori seguendo il percorso dello sviluppo sostenibile.<\/p><\/div><\/div><\/div><img loading=\"lazy\" decoding=\"async\" src=\"https:\/\/rikoncranes.com\/wp-content\/uploads\/2025\/10\/services-hero.jpg\" class=\"background-image\" width=\"2560\" height=\"1400\" \/><\/section><section class=\"ps-section ps-restricted-container\">\n    <div class=\"ps-content\">\n        <div class=\"restricted-width\">\n            <div class=\"inner-container\">\n                \n\n<div class=\"wp-block-columns is-layout-flex wp-container-core-columns-is-layout-9d6595d7 wp-block-columns-is-layout-flex\">\n<div class=\"wp-block-column is-layout-flow wp-block-column-is-layout-flow\">\n<h2 class=\"wp-block-heading has-vivid-red-color has-text-color has-link-color wp-elements-a465b40a8f6c3f952cd5e8c358d59c9d\">Progettazione<\/h2>\n\n\n\n<ul class=\"wp-block-list\">\n<li>Progettazione personalizzata e riprogettazione<\/li>\n\n\n\n<li>Modernizzazione profonda, inclusa l&#8217;implementazione di sistemi di automazione delle gru e di controllo remoto.<\/li>\n<\/ul>\n\n\n\n<h2 class=\"wp-block-heading has-vivid-red-color has-text-color has-link-color wp-elements-17f59f0d681473d8e8c51df756157e02\">Produzione di Alta Qualit\u00e0<\/h2>\n\n\n\n<ul class=\"wp-block-list\">\n<li>Produzione di gru e altre attrezzature per il sollevamento, la movimentazione e per scopi speciali secondo i rigorosi standard europei<\/li>\n<\/ul>\n\n\n\n<h2 class=\"wp-block-heading has-vivid-red-color has-text-color has-link-color wp-elements-c957f5738fb50a86ad3847b542839640\">Logistica &amp; Installazione<\/h2>\n\n\n\n<ul class=\"wp-block-list\">\n<li>Imballaggio &amp; trasporto (assemblato o smontato)<\/li>\n\n\n\n<li>Assemblaggio completo, messa in servizio e collaudo sotto carico<\/li>\n<\/ul>\n<\/div>\n\n\n\n<div class=\"wp-block-column is-layout-flow wp-block-column-is-layout-flow\">\n<h2 class=\"wp-block-heading has-vivid-red-color has-text-color has-link-color wp-elements-e351749b093254c355766771c8d17c42\">Manutenzione &amp; Supporto<\/h2>\n\n\n\n<ul class=\"wp-block-list\">\n<li>Riparazione e manutenzione per tutti i tipi di gru, incluse le gru prodotte da altre aziende (DJLL \/ RMG \/ RTG \/ Mobile \/ STS \/ Balance Cranes)<\/li>\n<\/ul>\n\n\n\n<h2 class=\"wp-block-heading has-vivid-red-color has-text-color has-link-color wp-elements-56c6c4ec636f8d7981384bec47edba45\">Esecuzione di progetti chiavi in mano<\/h2>\n\n\n\n<ul class=\"wp-block-list\">\n<li>Tutti i tipi di lavori, dalla pianificazione, progettazione e produzione fino alla messa in servizio e alla manutenzione, nonch\u00e9 altri servizi tecnici, vengono eseguiti dall&#8217;azienda stessa su base chiavi in mano.<\/li>\n\n\n\n<li>Questo \u00e8 fondamentale per la realizzazione del progetto nei tempi previsti, poich\u00e9 tutte le attivit\u00e0 chiave del progetto sono nelle stesse mani.<\/li>\n<\/ul>\n<\/div>\n<\/div>\n\n\n\n<figure class=\"wp-block-gallery has-nested-images columns-4 is-cropped gallery-services-1 wp-block-gallery-1 is-layout-flex wp-block-gallery-is-layout-flex\">\n<figure class=\"wp-block-image size-full\"><img data-id=\"353\" src=https:\/\/rikoncranes.com\/wp-content\/uploads\/2025\/10\/services-1.jpg alt=\"\" class=\"wp-image-353\"\/><\/figure>\n\n\n\n<figure class=\"wp-block-image size-full\"><img data-id=\"347\" src=https:\/\/rikoncranes.com\/wp-content\/uploads\/2025\/10\/services-2.jpg alt=\"\" class=\"wp-image-347\"\/><\/figure>\n\n\n\n<figure class=\"wp-block-image size-full\"><img data-id=\"348\" src=https:\/\/rikoncranes.com\/wp-content\/uploads\/2025\/10\/services-3-scaled.jpg alt=\"\" class=\"wp-image-348\"\/><\/figure>\n\n\n\n<figure class=\"wp-block-image size-full\"><img data-id=\"351\" src=https:\/\/rikoncranes.com\/wp-content\/uploads\/2025\/10\/services-4.jpg alt=\"\" class=\"wp-image-351\"\/><\/figure>\n<figcaption class=\"blocks-gallery-caption wp-element-caption\">Il processo RIKON comprende la progettazione, la produzione, la logistica e l&#8217;installazione in loco delle gru.<\/figcaption><\/figure>\n\n\n\n<h2 class=\"wp-block-heading inner-page-offsets has-extra-large-font-size\">ECCEZIONALE<br\/>\u2028<mark style=\"background-color:rgba(0, 0, 0, 0)\" class=\"has-inline-color has-vivid-red-color\">COMPETENZA NELL&#8217;INGEGNERIA<\/mark><\/h2>\n\n\n\n<figure class=\"wp-block-image size-full full-size-in-mobile custom-offsets\"><img src=https:\/\/rikoncranes.com\/wp-content\/uploads\/2025\/10\/services-7-scaled.jpg alt=\"\" class=\"wp-image-355\"\/><\/figure>\n\n\n\n<div class=\"wp-block-columns is-layout-flex wp-container-core-columns-is-layout-9d6595d7 wp-block-columns-is-layout-flex\">\n<div class=\"wp-block-column is-layout-flow wp-block-column-is-layout-flow\">\n<p>In RIKON, il nostro ufficio tecnico interno \u00e8 composto da professionisti altamente qualificati, specializzati in ogni aspetto della progettazione e produzione di gru. Utilizzando software all&#8217;avanguardia e strumenti avanzati, il nostro team garantisce una precisione e una qualit\u00e0 eccezionali in tutti i progetti di ingegneria.<\/p>\n\n\n\n<p>I nostri esperti possiedono una vasta esperienza, che ci consente di eseguire con successo progetti con requisiti unici o non standard. Grazie alla formazione continua e alla partecipazione a workshop di settore, i nostri ingegneri rimangono costantemente aggiornati sui nuovi progressi tecnologici.<\/p>\n\n\n\n<p>Gli ingegneri di progettazione meccanica di RIKON lavorano in modo collaborativo per sviluppare disegni dettagliati e specifiche tecniche complete. Ogni progetto viene sottoposto a un&#8217;analisi approfondita per garantire la piena conformit\u00e0 agli standard di settore.<\/p>\n\n\n\n<p>Il nostro team di ingegneria elettrica svolge un ruolo cruciale nello sviluppo dei sistemi elettrici delle gru e nell&#8217;automazione delle operazioni. La loro competenza consente l&#8217;integrazione di soluzioni elettriche complesse che migliorano significativamente sia l&#8217;efficienza che la sicurezza.<\/p>\n<\/div>\n\n\n\n<div class=\"wp-block-column is-layout-flow wp-block-column-is-layout-flow\">\n<p>Adottando un approccio multidisciplinare, i team di ingegneria di RIKON eccellono nella gestione di progetti su larga scala e di grande complessit\u00e0. Ogni progetto beneficia dell&#8217;esperienza accumulata e del feedback continuo da parte delle organizzazioni operative, garantendo un&#8217;innovazione e un miglioramento costanti.<\/p>\n\n\n\n<figure class=\"wp-block-gallery has-nested-images columns-2 is-cropped gallery-services-2 wp-block-gallery-2 is-layout-flex wp-block-gallery-is-layout-flex\">\n<figure class=\"wp-block-image size-full\"><img data-id=\"357\" src=https:\/\/rikoncranes.com\/wp-content\/uploads\/2025\/10\/services-5-scaled.jpg alt=\"\" class=\"wp-image-357\"\/><\/figure>\n\n\n\n<figure class=\"wp-block-image size-full\"><img data-id=\"358\" src=https:\/\/rikoncranes.com\/wp-content\/uploads\/2025\/10\/services-6-scaled.jpg alt=\"\" class=\"wp-image-358\"\/><\/figure>\n<\/figure>\n<\/div>\n<\/div>\n\n\n            <\/div>\n        <\/div>\n    <\/div>\n<\/section>\n","protected":false},"excerpt":{"rendered":"","protected":false},"author":1,"featured_media":0,"parent":0,"menu_order":1,"comment_status":"closed","ping_status":"closed","template":"full-width-page","meta":{"_acf_changed":false,"footnotes":""},"class_list":["post-800","page","type-page","status-publish","hentry"],"acf":[],"yoast_head":"<!-- This site is optimized with the Yoast SEO Premium plugin v1 (Yoast SEO v27.3) - https:\/\/yoast.com\/product\/yoast-seo-premium-wordpress\/ -->\n<title>Servizi RIKON<\/title>\n<meta name=\"description\" content=\"In RIKON, offriamo servizi end-to-end per garantire l&#039;efficienza, la sicurezza e la longevit\u00e0 delle vostre attrezzature di sollevamento. La nostra esperienza copre l&#039;intero ciclo di vita delle gru, dalla progettazione alla manutenzione. L&#039;azienda continua ad espandere la propria linea di produzione, ad ampliare l&#039;elenco dei partner e a sviluppare nuovi promettenti settori seguendo il percorso dello sviluppo sostenibile.\" \/>\n<meta name=\"robots\" content=\"index, follow, max-snippet:-1, max-image-preview:large, max-video-preview:-1\" \/>\n<link rel=\"canonical\" href=\"https:\/\/rikoncranes.com\/it\/servizi\/\" \/>\n<meta property=\"og:locale\" content=\"it_IT\" \/>\n<meta property=\"og:type\" content=\"article\" \/>\n<meta property=\"og:title\" content=\"Servizi RIKON\" \/>\n<meta property=\"og:description\" content=\"In RIKON, offriamo servizi end-to-end per garantire l&#039;efficienza, la sicurezza e la longevit\u00e0 delle vostre attrezzature di sollevamento. La nostra esperienza copre l&#039;intero ciclo di vita delle gru, dalla progettazione alla manutenzione. L&#039;azienda continua ad espandere la propria linea di produzione, ad ampliare l&#039;elenco dei partner e a sviluppare nuovi promettenti settori seguendo il percorso dello sviluppo sostenibile.\" \/>\n<meta property=\"og:url\" content=\"https:\/\/rikoncranes.com\/it\/servizi\/\" \/>\n<meta property=\"og:site_name\" content=\"RIKON\" \/>\n<meta property=\"article:modified_time\" content=\"2026-04-13T12:52:06+00:00\" \/>\n<meta property=\"og:image\" content=\"https:\/\/rikoncranes.com\/wp-content\/uploads\/2025\/10\/services-1.jpg\" \/>\n<meta name=\"twitter:card\" content=\"summary_large_image\" \/>\n<meta name=\"twitter:label1\" content=\"Est. reading time\" \/>\n\t<meta name=\"twitter:data1\" content=\"2 minutes\" \/>\n<script type=\"application\/ld+json\" class=\"yoast-schema-graph\">{\"@context\":\"https:\\\/\\\/schema.org\",\"@graph\":[{\"@type\":\"WebPage\",\"@id\":\"https:\\\/\\\/rikoncranes.com\\\/it\\\/servizi\\\/\",\"url\":\"https:\\\/\\\/rikoncranes.com\\\/it\\\/servizi\\\/\",\"name\":\"Servizi RIKON\",\"isPartOf\":{\"@id\":\"https:\\\/\\\/rikoncranes.com\\\/it\\\/#website\"},\"primaryImageOfPage\":{\"@id\":\"https:\\\/\\\/rikoncranes.com\\\/it\\\/servizi\\\/#primaryimage\"},\"image\":{\"@id\":\"https:\\\/\\\/rikoncranes.com\\\/it\\\/servizi\\\/#primaryimage\"},\"thumbnailUrl\":\"https:\\\/\\\/rikoncranes.com\\\/wp-content\\\/uploads\\\/2025\\\/10\\\/services-1.jpg\",\"datePublished\":\"2025-10-10T09:27:26+00:00\",\"dateModified\":\"2026-04-13T12:52:06+00:00\",\"description\":\"In RIKON, offriamo servizi end-to-end per garantire l'efficienza, la sicurezza e la longevit\u00e0 delle vostre attrezzature di sollevamento. La nostra esperienza copre l'intero ciclo di vita delle gru, dalla progettazione alla manutenzione. L'azienda continua ad espandere la propria linea di produzione, ad ampliare l'elenco dei partner e a sviluppare nuovi promettenti settori seguendo il percorso dello sviluppo sostenibile.\",\"breadcrumb\":{\"@id\":\"https:\\\/\\\/rikoncranes.com\\\/it\\\/servizi\\\/#breadcrumb\"},\"inLanguage\":\"it-IT\",\"potentialAction\":[{\"@type\":\"ReadAction\",\"target\":[\"https:\\\/\\\/rikoncranes.com\\\/it\\\/servizi\\\/\"]}]},{\"@type\":\"ImageObject\",\"inLanguage\":\"it-IT\",\"@id\":\"https:\\\/\\\/rikoncranes.com\\\/it\\\/servizi\\\/#primaryimage\",\"url\":\"https:\\\/\\\/rikoncranes.com\\\/wp-content\\\/uploads\\\/2025\\\/10\\\/services-1.jpg\",\"contentUrl\":\"https:\\\/\\\/rikoncranes.com\\\/wp-content\\\/uploads\\\/2025\\\/10\\\/services-1.jpg\"},{\"@type\":\"BreadcrumbList\",\"@id\":\"https:\\\/\\\/rikoncranes.com\\\/it\\\/servizi\\\/#breadcrumb\",\"itemListElement\":[{\"@type\":\"ListItem\",\"position\":1,\"name\":\"Home\",\"item\":\"https:\\\/\\\/rikoncranes.com\\\/it\\\/\"},{\"@type\":\"ListItem\",\"position\":2,\"name\":\"Servizi\"}]},{\"@type\":\"WebSite\",\"@id\":\"https:\\\/\\\/rikoncranes.com\\\/it\\\/#website\",\"url\":\"https:\\\/\\\/rikoncranes.com\\\/it\\\/\",\"name\":\"RIKONCRANES.COM\",\"description\":\"\",\"publisher\":{\"@id\":\"https:\\\/\\\/rikoncranes.com\\\/it\\\/#organization\"},\"potentialAction\":[{\"@type\":\"SearchAction\",\"target\":{\"@type\":\"EntryPoint\",\"urlTemplate\":\"https:\\\/\\\/rikoncranes.com\\\/it\\\/?s={search_term_string}\"},\"query-input\":{\"@type\":\"PropertyValueSpecification\",\"valueRequired\":true,\"valueName\":\"search_term_string\"}}],\"inLanguage\":\"it-IT\"},{\"@type\":\"Organization\",\"@id\":\"https:\\\/\\\/rikoncranes.com\\\/it\\\/#organization\",\"name\":\"RIKON JSC\",\"url\":\"https:\\\/\\\/rikoncranes.com\\\/it\\\/\",\"logo\":{\"@type\":\"ImageObject\",\"inLanguage\":\"it-IT\",\"@id\":\"https:\\\/\\\/rikoncranes.com\\\/it\\\/#\\\/schema\\\/logo\\\/image\\\/\",\"url\":\"https:\\\/\\\/rikoncranes.com\\\/wp-content\\\/uploads\\\/2025\\\/11\\\/site-logotype.svg\",\"contentUrl\":\"https:\\\/\\\/rikoncranes.com\\\/wp-content\\\/uploads\\\/2025\\\/11\\\/site-logotype.svg\",\"width\":1160,\"height\":203,\"caption\":\"RIKON JSC\"},\"image\":{\"@id\":\"https:\\\/\\\/rikoncranes.com\\\/it\\\/#\\\/schema\\\/logo\\\/image\\\/\"}}]}<\/script>\n<!-- \/ Yoast SEO Premium plugin. -->","yoast_head_json":{"title":"Servizi RIKON","description":"In RIKON, offriamo servizi end-to-end per garantire l'efficienza, la sicurezza e la longevit\u00e0 delle vostre attrezzature di sollevamento. La nostra esperienza copre l'intero ciclo di vita delle gru, dalla progettazione alla manutenzione. L'azienda continua ad espandere la propria linea di produzione, ad ampliare l'elenco dei partner e a sviluppare nuovi promettenti settori seguendo il percorso dello sviluppo sostenibile.","robots":{"index":"index","follow":"follow","max-snippet":"max-snippet:-1","max-image-preview":"max-image-preview:large","max-video-preview":"max-video-preview:-1"},"canonical":"https:\/\/rikoncranes.com\/it\/servizi\/","og_locale":"it_IT","og_type":"article","og_title":"Servizi RIKON","og_description":"In RIKON, offriamo servizi end-to-end per garantire l'efficienza, la sicurezza e la longevit\u00e0 delle vostre attrezzature di sollevamento. La nostra esperienza copre l'intero ciclo di vita delle gru, dalla progettazione alla manutenzione. L'azienda continua ad espandere la propria linea di produzione, ad ampliare l'elenco dei partner e a sviluppare nuovi promettenti settori seguendo il percorso dello sviluppo sostenibile.","og_url":"https:\/\/rikoncranes.com\/it\/servizi\/","og_site_name":"RIKON","article_modified_time":"2026-04-13T12:52:06+00:00","og_image":[{"url":"https:\/\/rikoncranes.com\/wp-content\/uploads\/2025\/10\/services-1.jpg","type":"","width":"","height":""}],"twitter_card":"summary_large_image","twitter_misc":{"Est. reading time":"2 minutes"},"schema":{"@context":"https:\/\/schema.org","@graph":[{"@type":"WebPage","@id":"https:\/\/rikoncranes.com\/it\/servizi\/","url":"https:\/\/rikoncranes.com\/it\/servizi\/","name":"Servizi RIKON","isPartOf":{"@id":"https:\/\/rikoncranes.com\/it\/#website"},"primaryImageOfPage":{"@id":"https:\/\/rikoncranes.com\/it\/servizi\/#primaryimage"},"image":{"@id":"https:\/\/rikoncranes.com\/it\/servizi\/#primaryimage"},"thumbnailUrl":"https:\/\/rikoncranes.com\/wp-content\/uploads\/2025\/10\/services-1.jpg","datePublished":"2025-10-10T09:27:26+00:00","dateModified":"2026-04-13T12:52:06+00:00","description":"In RIKON, offriamo servizi end-to-end per garantire l'efficienza, la sicurezza e la longevit\u00e0 delle vostre attrezzature di sollevamento. La nostra esperienza copre l'intero ciclo di vita delle gru, dalla progettazione alla manutenzione. L'azienda continua ad espandere la propria linea di produzione, ad ampliare l'elenco dei partner e a sviluppare nuovi promettenti settori seguendo il percorso dello sviluppo sostenibile.","breadcrumb":{"@id":"https:\/\/rikoncranes.com\/it\/servizi\/#breadcrumb"},"inLanguage":"it-IT","potentialAction":[{"@type":"ReadAction","target":["https:\/\/rikoncranes.com\/it\/servizi\/"]}]},{"@type":"ImageObject","inLanguage":"it-IT","@id":"https:\/\/rikoncranes.com\/it\/servizi\/#primaryimage","url":"https:\/\/rikoncranes.com\/wp-content\/uploads\/2025\/10\/services-1.jpg","contentUrl":"https:\/\/rikoncranes.com\/wp-content\/uploads\/2025\/10\/services-1.jpg"},{"@type":"BreadcrumbList","@id":"https:\/\/rikoncranes.com\/it\/servizi\/#breadcrumb","itemListElement":[{"@type":"ListItem","position":1,"name":"Home","item":"https:\/\/rikoncranes.com\/it\/"},{"@type":"ListItem","position":2,"name":"Servizi"}]},{"@type":"WebSite","@id":"https:\/\/rikoncranes.com\/it\/#website","url":"https:\/\/rikoncranes.com\/it\/","name":"RIKONCRANES.COM","description":"","publisher":{"@id":"https:\/\/rikoncranes.com\/it\/#organization"},"potentialAction":[{"@type":"SearchAction","target":{"@type":"EntryPoint","urlTemplate":"https:\/\/rikoncranes.com\/it\/?s={search_term_string}"},"query-input":{"@type":"PropertyValueSpecification","valueRequired":true,"valueName":"search_term_string"}}],"inLanguage":"it-IT"},{"@type":"Organization","@id":"https:\/\/rikoncranes.com\/it\/#organization","name":"RIKON JSC","url":"https:\/\/rikoncranes.com\/it\/","logo":{"@type":"ImageObject","inLanguage":"it-IT","@id":"https:\/\/rikoncranes.com\/it\/#\/schema\/logo\/image\/","url":"https:\/\/rikoncranes.com\/wp-content\/uploads\/2025\/11\/site-logotype.svg","contentUrl":"https:\/\/rikoncranes.com\/wp-content\/uploads\/2025\/11\/site-logotype.svg","width":1160,"height":203,"caption":"RIKON JSC"},"image":{"@id":"https:\/\/rikoncranes.com\/it\/#\/schema\/logo\/image\/"}}]}},"_links":{"self":[{"href":"https:\/\/rikoncranes.com\/it\/wp-json\/wp\/v2\/pages\/800","targetHints":{"allow":["GET"]}}],"collection":[{"href":"https:\/\/rikoncranes.com\/it\/wp-json\/wp\/v2\/pages"}],"about":[{"href":"https:\/\/rikoncranes.com\/it\/wp-json\/wp\/v2\/types\/page"}],"author":[{"embeddable":true,"href":"https:\/\/rikoncranes.com\/it\/wp-json\/wp\/v2\/users\/1"}],"replies":[{"embeddable":true,"href":"https:\/\/rikoncranes.com\/it\/wp-json\/wp\/v2\/comments?post=800"}],"version-history":[{"count":1,"href":"https:\/\/rikoncranes.com\/it\/wp-json\/wp\/v2\/pages\/800\/revisions"}],"predecessor-version":[{"id":1007,"href":"https:\/\/rikoncranes.com\/it\/wp-json\/wp\/v2\/pages\/800\/revisions\/1007"}],"wp:attachment":[{"href":"https:\/\/rikoncranes.com\/it\/wp-json\/wp\/v2\/media?parent=800"}],"curies":[{"name":"wp","href":"https:\/\/api.w.org\/{rel}","templated":true}]}}