{"id":810,"date":"2025-10-10T09:27:07","date_gmt":"2025-10-10T09:27:07","guid":{"rendered":"https:\/\/rikoncranes.com\/chi-siamo-rikon\/"},"modified":"2026-04-13T13:33:40","modified_gmt":"2026-04-13T13:33:40","slug":"informazioni-su-rikon","status":"publish","type":"page","link":"https:\/\/rikoncranes.com\/it\/informazioni-su-rikon\/","title":{"rendered":"Informazioni su RIKON"},"content":{"rendered":"<section class=\"ps-section ps-restricted-container\">\n    <div class=\"ps-content\">\n        <div class=\"restricted-width\">\n            <div class=\"inner-container\">\n                \n\n<h2 class=\"wp-block-heading has-extra-large-font-size\">Informazioni su <mark style=\"background-color:rgba(0, 0, 0, 0)\" class=\"has-inline-color has-vivid-red-color\">RIKON<\/mark><\/h2>\n\n\n\n<h2 class=\"wp-block-heading\">Il tuo partner affidabile nelle soluzioni per la movimentazione delle merci<\/h2>\n\n\n\n<div class=\"wp-block-columns is-layout-flex wp-container-core-columns-is-layout-9d6595d7 wp-block-columns-is-layout-flex\">\n    <div class=\"wp-block-column is-layout-flow wp-block-column-is-layout-flow\">\n        <p>**\u201cRIKON\u201d Joint Stock Company** \u00e8 un importante produttore europeo di attrezzature per il sollevamento pesante, specializzato in gru a doppio braccio con braccio piano, gru RMG, gru RTG, gru portuali mobili, nonch\u00e9 gru per navi e per applicazioni offshore.  <br\/><strong>Fondata nel 1991 a Riga, in Lettonia, ma con radici che risalgono al 1954<\/strong>, RIKON vanta oltre 70 anni di esperienza consolidata nella produzione di attrezzature per la movimentazione delle merci della massima qualit\u00e0.<\/p>\n        \n\n        \n        <p>I clienti in tutto il mondo scelgono RIKON per soluzioni di sollevamento pesante affidabili e di alta qualit\u00e0, personalizzate sulle loro esigenze. I nostri clienti includono porti marittimi, porti fluviali, cantieri navali, terminal logistici e imprese industriali nei seguenti Paesi: Lettonia, Francia, Polonia, Germania, Spagna, Turchia, Kazakhstan, Uzbekistan, Bosnia ed Erzegovina, Georgia, Slovacchia, ecc.<\/p>\n        \n\n        \n        <p>In RIKON siamo orgogliosi delle nostre capacit\u00e0 produttive complete, che includono circa 10.000 m\u00b2 di strutture moderne dotate di accessi ferroviari e stradali, nonch\u00e9 un molo privato di 130 metri per una logistica efficiente. I nostri stabilimenti sono equipaggiati con impianti avanzati per la lavorazione e la saldatura dei metalli, che ci consentono di rispettare rigorosi standard di qualit\u00e0 europei lungo l\u2019intero ciclo di vita dei nostri prodotti.<\/p>\n        \n\n        \n        <p><strong>L\u2019Azienda \u00e8 certificata in conformit\u00e0 ai requisiti delle norme ISO 9001:2015, ISO 3834\u20112:2021, EN 1090\u20111:2009+A1:2011 e di molte altre.<\/strong><\/p>\n        \n\n        <div class=\"block-certificates\"><div class=\"certificates-container\"><a class=\"single-certificate\" href=\"https:\/\/rikoncranes.com\/wp-content\/uploads\/2025\/10\/Certificate-EN-ISO-3834-2-2021-1.pdf\" type=\"application\/pdf\" download aria-label=\"Certificate - EN ISO 3834-2 2021-1\"><img decoding=\"async\" class=\"certificate-logotype\" src=\"https:\/\/rikoncranes.com\/wp-content\/uploads\/2025\/10\/iso-3834-black.png\" alt=\"\"><\/a><a class=\"single-certificate\" href=\"https:\/\/rikoncranes.com\/wp-content\/uploads\/2025\/10\/Certificate-EN-1090-1-2009-A1-2011.pdf\" type=\"application\/pdf\" download aria-label=\"Certificate - EN 1090-1 2009 A1 2011\"><img decoding=\"async\" class=\"certificate-logotype\" src=\"https:\/\/rikoncranes.com\/wp-content\/uploads\/2025\/10\/en-1090-1-black.png\" alt=\"\"><\/a><a class=\"single-certificate\" href=\"https:\/\/rikoncranes.com\/wp-content\/uploads\/2025\/10\/Certificate-ISO-9001-2015.pdf\" type=\"application\/pdf\" download aria-label=\"Certificate - ISO 9001 2015\"><img decoding=\"async\" class=\"certificate-logotype-mobile\" src=\"https:\/\/rikoncranes.com\/wp-content\/uploads\/2025\/10\/iso-9001-vertical-black-1.png\" alt=\"\"><img decoding=\"async\" class=\"certificate-logotype\" src=\"https:\/\/rikoncranes.com\/wp-content\/uploads\/2025\/10\/iso-9001-black.png\" alt=\"\"><\/a><\/div><\/div><\/div>\n    \n\n    \n    <div class=\"wp-block-column is-layout-flow wp-block-column-is-layout-flow\">\n        <p>Il nostro team di 130 specialisti altamente qualificati, compresi ingegneri meccanici ed elettrici, rappresenta il motore dell&#8217;innovazione e dell&#8217;efficienza nella produzione di gru. Grazie a un ufficio tecnico interno, garantiamo autonomia nell&#8217;esecuzione dei progetti, consentendoci di rispondere alle esigenze specifiche di cantieri navali, porti e imprese industriali.<\/p>\n        \n\n        \n        <p>Dalla preparazione di lamiere in acciaio e strutture in tubolare fino alle finiture con rivestimenti specificati dal cliente, il nostro ciclo produttivo completo \u00e8 completamente interno, incluso lo sviluppo software. \u00c8 compresa un&#8217;area di assemblaggio dove possiamo erigere le gru pronte per l&#8217;operativit\u00e0 e spedirle direttamente dal nostro pontile di fabbrica.<\/p>\n        \n\n        <div class=\"history-banner\">\n    <p class=\"history-banner-fact\">Fondata nel<\/p>\n    <p class=\"history-banner-date\">1991<\/p>\n<\/div>\n<\/div>\n    <\/div>\n\n\n\n            <\/div>\n        <\/div>\n    <\/div>\n<\/section>\n\n<figure class=\"wp-block-image size-full image-with-rikon-logotype\"><img src=https:\/\/rikoncranes.com\/wp-content\/uploads\/2025\/10\/about-1.jpg alt=\"\" class=\"wp-image-375\"\/><\/figure>\n<section class=\"ps-section ps-restricted-container\">\n    <div class=\"ps-content\">\n        <div class=\"restricted-width\">\n            <div class=\"inner-container\">\n                \n\n<figure class=\"wp-block-gallery has-nested-images columns-default is-cropped about-rikon-gallery wp-block-gallery-1 is-layout-flex wp-block-gallery-is-layout-flex\">\n    <figure class=\"wp-block-image size-full\"><img data-id=\"382\" src=https:\/\/rikoncranes.com\/wp-content\/uploads\/2025\/10\/about-3.jpg alt=\"\" class=\"wp-image-382\"\/><\/figure>\n    \n\n    \n    <figure class=\"wp-block-image size-full\"><img data-id=\"378\" src=https:\/\/rikoncranes.com\/wp-content\/uploads\/2025\/10\/about-4.jpg alt=\"\" class=\"wp-image-378\"\/><\/figure>\n    \n\n    \n    <figure class=\"wp-block-image size-full\"><img data-id=\"380\" src=https:\/\/rikoncranes.com\/wp-content\/uploads\/2025\/10\/about-2-scaled.jpg alt=\"\" class=\"wp-image-380\"\/><\/figure>\n    <figcaption class=\"blocks-gallery-caption wp-element-caption\">Il sito produttivo di RIKON sul fiume Daugava a Riga, situato tra il tributario Milgr\u0101vis e il canale Sarkandaugava<\/figcaption><\/figure>\n\n\n            <\/div>\n        <\/div>\n    <\/div>\n<\/section>\n","protected":false},"excerpt":{"rendered":"","protected":false},"author":1,"featured_media":0,"parent":0,"menu_order":2,"comment_status":"closed","ping_status":"closed","template":"full-width-page","meta":{"_acf_changed":false,"footnotes":""},"class_list":["post-810","page","type-page","status-publish","hentry"],"acf":[],"yoast_head":"<!-- This site is optimized with the Yoast SEO Premium plugin v1 (Yoast SEO v27.3) - https:\/\/yoast.com\/product\/yoast-seo-premium-wordpress\/ -->\n<title>Informazioni su RIKON<\/title>\n<meta name=\"description\" content=\"RIKON Joint Stock Company \u00e8 un importante produttore europeo di attrezzature per il sollevamento pesante, specializzato in gru a doppio braccio con braccio piano, gru RMG, gru RTG, gru portuali mobili, nonch\u00e9 gru per navi e per applicazioni offshore. Fondata nel 1991 a Riga, in Lettonia, ma con radici che risalgono al 1954, RIKON vanta oltre 70 anni di esperienza nella produzione di attrezzature di massima qualit\u00e0 per la movimentazione delle merci.\" \/>\n<meta name=\"robots\" content=\"index, follow, max-snippet:-1, max-image-preview:large, max-video-preview:-1\" \/>\n<link rel=\"canonical\" href=\"https:\/\/rikoncranes.com\/it\/informazioni-su-rikon\/\" \/>\n<meta property=\"og:locale\" content=\"it_IT\" \/>\n<meta property=\"og:type\" content=\"article\" \/>\n<meta property=\"og:title\" content=\"Informazioni su RIKON\" \/>\n<meta property=\"og:description\" content=\"RIKON Joint Stock Company \u00e8 un importante produttore europeo di attrezzature per il sollevamento pesante, specializzato in gru a doppio braccio con braccio piano, gru RMG, gru RTG, gru portuali mobili, nonch\u00e9 gru per navi e per applicazioni offshore. Fondata nel 1991 a Riga, in Lettonia, ma con radici che risalgono al 1954, RIKON vanta oltre 70 anni di esperienza nella produzione di attrezzature di massima qualit\u00e0 per la movimentazione delle merci.\" \/>\n<meta property=\"og:url\" content=\"https:\/\/rikoncranes.com\/it\/informazioni-su-rikon\/\" \/>\n<meta property=\"og:site_name\" content=\"RIKON\" \/>\n<meta property=\"article:modified_time\" content=\"2026-04-13T13:33:40+00:00\" \/>\n<meta property=\"og:image\" content=\"https:\/\/rikoncranes.com\/wp-content\/uploads\/2025\/10\/about-1.jpg\" \/>\n<meta name=\"twitter:card\" content=\"summary_large_image\" \/>\n<meta name=\"twitter:label1\" content=\"Est. reading time\" \/>\n\t<meta name=\"twitter:data1\" content=\"2 minutes\" \/>\n<script type=\"application\/ld+json\" class=\"yoast-schema-graph\">{\"@context\":\"https:\\\/\\\/schema.org\",\"@graph\":[{\"@type\":\"WebPage\",\"@id\":\"https:\\\/\\\/rikoncranes.com\\\/it\\\/informazioni-su-rikon\\\/\",\"url\":\"https:\\\/\\\/rikoncranes.com\\\/it\\\/informazioni-su-rikon\\\/\",\"name\":\"Informazioni su RIKON\",\"isPartOf\":{\"@id\":\"https:\\\/\\\/rikoncranes.com\\\/it\\\/#website\"},\"primaryImageOfPage\":{\"@id\":\"https:\\\/\\\/rikoncranes.com\\\/it\\\/informazioni-su-rikon\\\/#primaryimage\"},\"image\":{\"@id\":\"https:\\\/\\\/rikoncranes.com\\\/it\\\/informazioni-su-rikon\\\/#primaryimage\"},\"thumbnailUrl\":\"https:\\\/\\\/rikoncranes.com\\\/wp-content\\\/uploads\\\/2025\\\/10\\\/about-1.jpg\",\"datePublished\":\"2025-10-10T09:27:07+00:00\",\"dateModified\":\"2026-04-13T13:33:40+00:00\",\"description\":\"RIKON Joint Stock Company \u00e8 un importante produttore europeo di attrezzature per il sollevamento pesante, specializzato in gru a doppio braccio con braccio piano, gru RMG, gru RTG, gru portuali mobili, nonch\u00e9 gru per navi e per applicazioni offshore. Fondata nel 1991 a Riga, in Lettonia, ma con radici che risalgono al 1954, RIKON vanta oltre 70 anni di esperienza nella produzione di attrezzature di massima qualit\u00e0 per la movimentazione delle merci.\",\"breadcrumb\":{\"@id\":\"https:\\\/\\\/rikoncranes.com\\\/it\\\/informazioni-su-rikon\\\/#breadcrumb\"},\"inLanguage\":\"it-IT\",\"potentialAction\":[{\"@type\":\"ReadAction\",\"target\":[\"https:\\\/\\\/rikoncranes.com\\\/it\\\/informazioni-su-rikon\\\/\"]}]},{\"@type\":\"ImageObject\",\"inLanguage\":\"it-IT\",\"@id\":\"https:\\\/\\\/rikoncranes.com\\\/it\\\/informazioni-su-rikon\\\/#primaryimage\",\"url\":\"https:\\\/\\\/rikoncranes.com\\\/wp-content\\\/uploads\\\/2025\\\/10\\\/about-1.jpg\",\"contentUrl\":\"https:\\\/\\\/rikoncranes.com\\\/wp-content\\\/uploads\\\/2025\\\/10\\\/about-1.jpg\"},{\"@type\":\"BreadcrumbList\",\"@id\":\"https:\\\/\\\/rikoncranes.com\\\/it\\\/informazioni-su-rikon\\\/#breadcrumb\",\"itemListElement\":[{\"@type\":\"ListItem\",\"position\":1,\"name\":\"Home\",\"item\":\"https:\\\/\\\/rikoncranes.com\\\/it\\\/\"},{\"@type\":\"ListItem\",\"position\":2,\"name\":\"Informazioni su RIKON\"}]},{\"@type\":\"WebSite\",\"@id\":\"https:\\\/\\\/rikoncranes.com\\\/it\\\/#website\",\"url\":\"https:\\\/\\\/rikoncranes.com\\\/it\\\/\",\"name\":\"RIKONCRANES.COM\",\"description\":\"\",\"publisher\":{\"@id\":\"https:\\\/\\\/rikoncranes.com\\\/it\\\/#organization\"},\"potentialAction\":[{\"@type\":\"SearchAction\",\"target\":{\"@type\":\"EntryPoint\",\"urlTemplate\":\"https:\\\/\\\/rikoncranes.com\\\/it\\\/?s={search_term_string}\"},\"query-input\":{\"@type\":\"PropertyValueSpecification\",\"valueRequired\":true,\"valueName\":\"search_term_string\"}}],\"inLanguage\":\"it-IT\"},{\"@type\":\"Organization\",\"@id\":\"https:\\\/\\\/rikoncranes.com\\\/it\\\/#organization\",\"name\":\"RIKON JSC\",\"url\":\"https:\\\/\\\/rikoncranes.com\\\/it\\\/\",\"logo\":{\"@type\":\"ImageObject\",\"inLanguage\":\"it-IT\",\"@id\":\"https:\\\/\\\/rikoncranes.com\\\/it\\\/#\\\/schema\\\/logo\\\/image\\\/\",\"url\":\"https:\\\/\\\/rikoncranes.com\\\/wp-content\\\/uploads\\\/2025\\\/11\\\/site-logotype.svg\",\"contentUrl\":\"https:\\\/\\\/rikoncranes.com\\\/wp-content\\\/uploads\\\/2025\\\/11\\\/site-logotype.svg\",\"width\":1160,\"height\":203,\"caption\":\"RIKON JSC\"},\"image\":{\"@id\":\"https:\\\/\\\/rikoncranes.com\\\/it\\\/#\\\/schema\\\/logo\\\/image\\\/\"}}]}<\/script>\n<!-- \/ Yoast SEO Premium plugin. -->","yoast_head_json":{"title":"Informazioni su RIKON","description":"RIKON Joint Stock Company \u00e8 un importante produttore europeo di attrezzature per il sollevamento pesante, specializzato in gru a doppio braccio con braccio piano, gru RMG, gru RTG, gru portuali mobili, nonch\u00e9 gru per navi e per applicazioni offshore. Fondata nel 1991 a Riga, in Lettonia, ma con radici che risalgono al 1954, RIKON vanta oltre 70 anni di esperienza nella produzione di attrezzature di massima qualit\u00e0 per la movimentazione delle merci.","robots":{"index":"index","follow":"follow","max-snippet":"max-snippet:-1","max-image-preview":"max-image-preview:large","max-video-preview":"max-video-preview:-1"},"canonical":"https:\/\/rikoncranes.com\/it\/informazioni-su-rikon\/","og_locale":"it_IT","og_type":"article","og_title":"Informazioni su RIKON","og_description":"RIKON Joint Stock Company \u00e8 un importante produttore europeo di attrezzature per il sollevamento pesante, specializzato in gru a doppio braccio con braccio piano, gru RMG, gru RTG, gru portuali mobili, nonch\u00e9 gru per navi e per applicazioni offshore. Fondata nel 1991 a Riga, in Lettonia, ma con radici che risalgono al 1954, RIKON vanta oltre 70 anni di esperienza nella produzione di attrezzature di massima qualit\u00e0 per la movimentazione delle merci.","og_url":"https:\/\/rikoncranes.com\/it\/informazioni-su-rikon\/","og_site_name":"RIKON","article_modified_time":"2026-04-13T13:33:40+00:00","og_image":[{"url":"https:\/\/rikoncranes.com\/wp-content\/uploads\/2025\/10\/about-1.jpg","type":"","width":"","height":""}],"twitter_card":"summary_large_image","twitter_misc":{"Est. reading time":"2 minutes"},"schema":{"@context":"https:\/\/schema.org","@graph":[{"@type":"WebPage","@id":"https:\/\/rikoncranes.com\/it\/informazioni-su-rikon\/","url":"https:\/\/rikoncranes.com\/it\/informazioni-su-rikon\/","name":"Informazioni su RIKON","isPartOf":{"@id":"https:\/\/rikoncranes.com\/it\/#website"},"primaryImageOfPage":{"@id":"https:\/\/rikoncranes.com\/it\/informazioni-su-rikon\/#primaryimage"},"image":{"@id":"https:\/\/rikoncranes.com\/it\/informazioni-su-rikon\/#primaryimage"},"thumbnailUrl":"https:\/\/rikoncranes.com\/wp-content\/uploads\/2025\/10\/about-1.jpg","datePublished":"2025-10-10T09:27:07+00:00","dateModified":"2026-04-13T13:33:40+00:00","description":"RIKON Joint Stock Company \u00e8 un importante produttore europeo di attrezzature per il sollevamento pesante, specializzato in gru a doppio braccio con braccio piano, gru RMG, gru RTG, gru portuali mobili, nonch\u00e9 gru per navi e per applicazioni offshore. Fondata nel 1991 a Riga, in Lettonia, ma con radici che risalgono al 1954, RIKON vanta oltre 70 anni di esperienza nella produzione di attrezzature di massima qualit\u00e0 per la movimentazione delle merci.","breadcrumb":{"@id":"https:\/\/rikoncranes.com\/it\/informazioni-su-rikon\/#breadcrumb"},"inLanguage":"it-IT","potentialAction":[{"@type":"ReadAction","target":["https:\/\/rikoncranes.com\/it\/informazioni-su-rikon\/"]}]},{"@type":"ImageObject","inLanguage":"it-IT","@id":"https:\/\/rikoncranes.com\/it\/informazioni-su-rikon\/#primaryimage","url":"https:\/\/rikoncranes.com\/wp-content\/uploads\/2025\/10\/about-1.jpg","contentUrl":"https:\/\/rikoncranes.com\/wp-content\/uploads\/2025\/10\/about-1.jpg"},{"@type":"BreadcrumbList","@id":"https:\/\/rikoncranes.com\/it\/informazioni-su-rikon\/#breadcrumb","itemListElement":[{"@type":"ListItem","position":1,"name":"Home","item":"https:\/\/rikoncranes.com\/it\/"},{"@type":"ListItem","position":2,"name":"Informazioni su RIKON"}]},{"@type":"WebSite","@id":"https:\/\/rikoncranes.com\/it\/#website","url":"https:\/\/rikoncranes.com\/it\/","name":"RIKONCRANES.COM","description":"","publisher":{"@id":"https:\/\/rikoncranes.com\/it\/#organization"},"potentialAction":[{"@type":"SearchAction","target":{"@type":"EntryPoint","urlTemplate":"https:\/\/rikoncranes.com\/it\/?s={search_term_string}"},"query-input":{"@type":"PropertyValueSpecification","valueRequired":true,"valueName":"search_term_string"}}],"inLanguage":"it-IT"},{"@type":"Organization","@id":"https:\/\/rikoncranes.com\/it\/#organization","name":"RIKON JSC","url":"https:\/\/rikoncranes.com\/it\/","logo":{"@type":"ImageObject","inLanguage":"it-IT","@id":"https:\/\/rikoncranes.com\/it\/#\/schema\/logo\/image\/","url":"https:\/\/rikoncranes.com\/wp-content\/uploads\/2025\/11\/site-logotype.svg","contentUrl":"https:\/\/rikoncranes.com\/wp-content\/uploads\/2025\/11\/site-logotype.svg","width":1160,"height":203,"caption":"RIKON JSC"},"image":{"@id":"https:\/\/rikoncranes.com\/it\/#\/schema\/logo\/image\/"}}]}},"_links":{"self":[{"href":"https:\/\/rikoncranes.com\/it\/wp-json\/wp\/v2\/pages\/810","targetHints":{"allow":["GET"]}}],"collection":[{"href":"https:\/\/rikoncranes.com\/it\/wp-json\/wp\/v2\/pages"}],"about":[{"href":"https:\/\/rikoncranes.com\/it\/wp-json\/wp\/v2\/types\/page"}],"author":[{"embeddable":true,"href":"https:\/\/rikoncranes.com\/it\/wp-json\/wp\/v2\/users\/1"}],"replies":[{"embeddable":true,"href":"https:\/\/rikoncranes.com\/it\/wp-json\/wp\/v2\/comments?post=810"}],"version-history":[{"count":1,"href":"https:\/\/rikoncranes.com\/it\/wp-json\/wp\/v2\/pages\/810\/revisions"}],"predecessor-version":[{"id":1009,"href":"https:\/\/rikoncranes.com\/it\/wp-json\/wp\/v2\/pages\/810\/revisions\/1009"}],"wp:attachment":[{"href":"https:\/\/rikoncranes.com\/it\/wp-json\/wp\/v2\/media?parent=810"}],"curies":[{"name":"wp","href":"https:\/\/api.w.org\/{rel}","templated":true}]}}