{"id":460,"date":"2025-10-10T09:27:26","date_gmt":"2025-10-10T09:27:26","guid":{"rendered":"https:\/\/rikoncranes.com\/pakalpojums\/"},"modified":"2026-04-13T17:11:09","modified_gmt":"2026-04-13T17:11:09","slug":"pakalpojumi","status":"publish","type":"page","link":"https:\/\/rikoncranes.com\/lv\/pakalpojumi\/","title":{"rendered":"Pakalpojumi"},"content":{"rendered":"<section class=\"ps-section ps-restricted-container\">\n    <div class=\"ps-content\">\n        <div class=\"restricted-width\">\n            <div class=\"inner-container\">\n                \n\n<h2 class=\"wp-block-heading has-extra-large-font-size\">RIKON <mark style=\"background-color:rgba(0, 0, 0, 0)\" class=\"has-inline-color has-vivid-red-color\">PAKALPOJUMI<\/mark><\/h2>\n\n\n            <\/div>\n        <\/div>\n    <\/div>\n<\/section>\n<section class=\"ps-section ps-page-lead\"><div class=\"ps-content\"><div class=\"inner-container\"><div class=\"inner-wrapper\"><h2 class=\"lead-title\">No koncepcijas l\u012bdz darb\u012bbai<\/h2><p class=\"lead-text\">Uz\u0146\u0113mum\u0101 RIKON m\u0113s pied\u0101v\u0101jam pilna cikla pakalpojumus, lai nodro\u0161in\u0101tu j\u016bsu cel\u0161anas iek\u0101rtu efektivit\u0101ti, dro\u0161\u012bbu un ilgm\u016b\u017e\u012bbu. M\u016bsu pieredze aptver visu celt\u0146u dz\u012bves ciklu \u2014 no projekt\u0113\u0161anas l\u012bdz apkopei. Uz\u0146\u0113mums turpina papla\u0161in\u0101t savu ra\u017eo\u0161anas l\u012bniju, palielin\u0101t partneru sarakstu un att\u012bst\u012bt jaunas daudzsolo\u0161as jomas, iev\u0113rojot ilgtsp\u0113j\u012bgas att\u012bst\u012bbas principus.<\/p><\/div><\/div><\/div><img loading=\"lazy\" decoding=\"async\" src=\"https:\/\/rikoncranes.com\/wp-content\/uploads\/2025\/10\/services-hero.jpg\" class=\"background-image\" width=\"2560\" height=\"1400\" \/><\/section><section class=\"ps-section ps-restricted-container\">\n    <div class=\"ps-content\">\n        <div class=\"restricted-width\">\n            <div class=\"inner-container\">\n                \n\n<div class=\"wp-block-columns is-layout-flex wp-container-core-columns-is-layout-9d6595d7 wp-block-columns-is-layout-flex\">\n<div class=\"wp-block-column is-layout-flow wp-block-column-is-layout-flow\">\n<h2 class=\"wp-block-heading has-vivid-red-color has-text-color has-link-color wp-elements-050efe0b7705ba7485202dc452ee6d76\">Dizains<\/h2>\n\n\n\n<ul class=\"wp-block-list\">\n<li>Piel\u0101gots dizains un p\u0101rveido\u0161ana<\/li>\n\n\n\n<li>Dzi\u013ca moderniz\u0101cija, ieskaitot celt\u0146u automatiz\u0101cijas un t\u0101lvad\u012bbas sist\u0113mu ievie\u0161anu.<\/li>\n<\/ul>\n\n\n\n<h2 class=\"wp-block-heading has-vivid-red-color has-text-color has-link-color wp-elements-29ccc40875224cd28b1de536f703345e\">Augstas Kvalit\u0101tes Ra\u017eo\u0161ana<\/h2>\n\n\n\n<ul class=\"wp-block-list\">\n<li>Celt\u0146u un citu cel\u0161anas apstr\u0101des un \u012bpa\u0161u m\u0113r\u0137u apr\u012bkojuma ra\u017eo\u0161ana atbilsto\u0161i stingriem Eiropas standartiem<\/li>\n<\/ul>\n\n\n\n<h2 class=\"wp-block-heading has-vivid-red-color has-text-color has-link-color wp-elements-6042661d297b05547bb3966830db66e5\">Lo\u0123istika Un Uzst\u0101d\u012b\u0161ana<\/h2>\n\n\n\n<ul class=\"wp-block-list\">\n<li>Iepako\u0161ana un transport\u0113\u0161ana (samont\u0113ti vai izjaukti)<\/li>\n\n\n\n<li>Pilna mont\u0101\u017ea, nodo\u0161ana ekspluat\u0101cij\u0101 un slodzes p\u0101rbaude<\/li>\n<\/ul>\n<\/div>\n\n\n\n<div class=\"wp-block-column is-layout-flow wp-block-column-is-layout-flow\">\n<h2 class=\"wp-block-heading has-vivid-red-color has-text-color has-link-color wp-elements-26bf298c3cadc10e0f37f11d85026519\">Apkope Un atbalsts<\/h2>\n\n\n\n<ul class=\"wp-block-list\">\n<li>Visu veidu Celt\u0146u remonts un apkope, ieskaitot citu uz\u0146\u0113mumu ra\u017eotus celt\u0146us (DJLL \/ RMG \/ RTG \/ Mobile \/ STS \/ Balance Cranes)<\/li>\n<\/ul>\n\n\n\n<h2 class=\"wp-block-heading has-vivid-red-color has-text-color has-link-color wp-elements-0e087e8678511ac50e8f5d344bccad67\">Projekta izpilde l\u012bdz atsl\u0113gai<\/h2>\n\n\n\n<ul class=\"wp-block-list\">\n<li>Visu veidu darbus, s\u0101kot no pl\u0101no\u0161anas, projekt\u0113\u0161anas un ra\u017eo\u0161anas l\u012bdz nodo\u0161anai ekspluat\u0101cij\u0101 un apkopei, k\u0101 ar\u012b citu tehnisko apkalpo\u0161anu, pats uz\u0146\u0113mums veic p\u0113c atsl\u0113gas.<\/li>\n\n\n\n<li>Tas ir b\u016btiski projekta realiz\u0101cijai laik\u0101, jo visi projekta galvenie uzdevumi ir vien\u0101s rok\u0101s.<\/li>\n<\/ul>\n<\/div>\n<\/div>\n\n\n\n<figure class=\"wp-block-gallery has-nested-images columns-4 is-cropped gallery-services-1 wp-block-gallery-1 is-layout-flex wp-block-gallery-is-layout-flex\">\n<figure class=\"wp-block-image size-full\"><img data-id=\"353\" src=https:\/\/rikoncranes.com\/wp-content\/uploads\/2025\/10\/services-1.jpg alt=\"\" class=\"wp-image-353\"\/><\/figure>\n\n\n\n<figure class=\"wp-block-image size-full\"><img data-id=\"347\" src=https:\/\/rikoncranes.com\/wp-content\/uploads\/2025\/10\/services-2.jpg alt=\"\" class=\"wp-image-347\"\/><\/figure>\n\n\n\n<figure class=\"wp-block-image size-full\"><img data-id=\"348\" src=https:\/\/rikoncranes.com\/wp-content\/uploads\/2025\/10\/services-3-scaled.jpg alt=\"\" class=\"wp-image-348\"\/><\/figure>\n\n\n\n<figure class=\"wp-block-image size-full\"><img data-id=\"351\" src=https:\/\/rikoncranes.com\/wp-content\/uploads\/2025\/10\/services-4.jpg alt=\"\" class=\"wp-image-351\"\/><\/figure>\n<figcaption class=\"blocks-gallery-caption wp-element-caption\">RIKON process ietver celt\u0146u projekt\u0113\u0161anu, ra\u017eo\u0161anu, lo\u0123istiku un uzst\u0101d\u012b\u0161anu telp\u0101s.<\/figcaption><\/figure>\n\n\n\n<h2 class=\"wp-block-heading inner-page-offsets has-extra-large-font-size\">IZCILA<br\/><mark style=\"background-color:rgba(0, 0, 0, 0)\" class=\"has-inline-color has-vivid-red-color\">IN\u017dENIERZIN\u0100T\u0145U EKSPERT\u012aZE<\/mark><\/h2>\n\n\n\n<figure class=\"wp-block-image size-full full-size-in-mobile custom-offsets\"><img src=https:\/\/rikoncranes.com\/wp-content\/uploads\/2025\/10\/services-7-scaled.jpg alt=\"\" class=\"wp-image-355\"\/><\/figure>\n\n\n\n<div class=\"wp-block-columns is-layout-flex wp-container-core-columns-is-layout-9d6595d7 wp-block-columns-is-layout-flex\">\n<div class=\"wp-block-column is-layout-flow wp-block-column-is-layout-flow\">\n<p>RIKON\u0100 m\u016bsu iek\u0161\u0113jais in\u017eenieru birojs sast\u0101v no augsti kvalific\u0113tiem speci\u0101listiem, kas specializ\u0113jas visos celt\u0146u projekt\u0113\u0161anas un ra\u017eo\u0161anas aspektos. Izmantojot progres\u012bvu programmat\u016bru un progres\u012bvus r\u012bkus, m\u016bsu komanda nodro\u0161ina izcilu precizit\u0101ti un kvalit\u0101ti visos in\u017eeniertehniskajos projektos.<\/p>\n\n\n\n<p>M\u016bsu speci\u0101listiem ir pla\u0161a pieredze, kas \u013cauj mums veiksm\u012bgi \u012bstenot projektus ar unik\u0101l\u0101m vai nestandarta pras\u012bb\u0101m. Ar past\u0101v\u012bgu apm\u0101c\u012bbu un dal\u012bbu nozares darbn\u012bc\u0101s m\u016bsu in\u017eenieri past\u0101v\u012bgi paliek tehnolo\u0123isko sasniegumu priek\u0161gal\u0101.<\/p>\n\n\n\n<p>RIKON meh\u0101nisk\u0101s projekt\u0113\u0161anas in\u017eenieri sadarbojas, lai izstr\u0101d\u0101tu detaliz\u0113tus ras\u0113jumus un visaptvero\u0161as specifik\u0101cijas. Katrs projekts tiek r\u016bp\u012bgi analiz\u0113ts, lai garant\u0113tu piln\u012bgu atbilst\u012bbu nozares standartiem.<\/p>\n\n\n\n<p>M\u016bsu elektrotehnikas komandai ir iz\u0161\u0137iro\u0161a loma celt\u0146u elektrisko sist\u0113mu izstr\u0101d\u0113 un oper\u0101ciju automatiz\u0113\u0161an\u0101. Vi\u0146u zin\u0101\u0161anas \u013cauj integr\u0113t sare\u017e\u0123\u012btus elektriskos risin\u0101jumus, kas iev\u0113rojami uzlabo gan efektivit\u0101ti, gan dro\u0161\u012bbu.<\/p>\n<\/div>\n\n\n\n<div class=\"wp-block-column is-layout-flow wp-block-column-is-layout-flow\">\n<p>Pie\u0146emot daudznozaru pieeju, RIKON in\u017eenieru komandas izce\u013cas ar liela m\u0113roga un sare\u017e\u0123\u012btu projektu vad\u012bbu. Katrs dizains g\u016bst labumu no uzkr\u0101t\u0101s pieredzes un nep\u0101rtrauktas atsauksmes no darb\u012bbas organiz\u0101cij\u0101m, nodro\u0161inot past\u0101v\u012bgu inov\u0101ciju un uzlabo\u0161anu.<\/p>\n\n\n\n<figure class=\"wp-block-gallery has-nested-images columns-2 is-cropped gallery-services-2 wp-block-gallery-2 is-layout-flex wp-block-gallery-is-layout-flex\">\n<figure class=\"wp-block-image size-full\"><img data-id=\"357\" src=https:\/\/rikoncranes.com\/wp-content\/uploads\/2025\/10\/services-5-scaled.jpg alt=\"\" class=\"wp-image-357\"\/><\/figure>\n\n\n\n<figure class=\"wp-block-image size-full\"><img data-id=\"358\" src=https:\/\/rikoncranes.com\/wp-content\/uploads\/2025\/10\/services-6-scaled.jpg alt=\"\" class=\"wp-image-358\"\/><\/figure>\n<\/figure>\n<\/div>\n<\/div>\n\n\n            <\/div>\n        <\/div>\n    <\/div>\n<\/section>\n","protected":false},"excerpt":{"rendered":"","protected":false},"author":1,"featured_media":0,"parent":0,"menu_order":1,"comment_status":"closed","ping_status":"closed","template":"full-width-page","meta":{"_acf_changed":false,"footnotes":""},"class_list":["post-460","page","type-page","status-publish","hentry"],"acf":[],"yoast_head":"<!-- This site is optimized with the Yoast SEO Premium plugin v1 (Yoast SEO v27.3) - https:\/\/yoast.com\/product\/yoast-seo-premium-wordpress\/ -->\n<title>RIKON pakalpojumi<\/title>\n<meta name=\"description\" content=\"Uz\u0146\u0113mum\u0101 RIKON m\u0113s nodro\u0161in\u0101m pilna cikla pakalpojumus, lai garant\u0113tu j\u016bsu cel\u0161anas iek\u0101rtu efektivit\u0101ti, dro\u0161\u012bbu un ilgm\u016b\u017e\u012bbu. M\u016bsu kompetence aptver visu celt\u0146u dz\u012bves ciklu \u2014 no projekt\u0113\u0161anas l\u012bdz apkopei. Uz\u0146\u0113mums turpina papla\u0161in\u0101t savu ra\u017eo\u0161anas l\u012bniju, palielin\u0101t partneru skaitu un att\u012bst\u012bt jaunas perspekt\u012bvas jomas, iev\u0113rojot ilgtsp\u0113j\u012bgas att\u012bst\u012bbas kursu.\" \/>\n<meta name=\"robots\" content=\"index, follow, max-snippet:-1, max-image-preview:large, max-video-preview:-1\" \/>\n<link rel=\"canonical\" href=\"https:\/\/rikoncranes.com\/lv\/pakalpojumi\/\" \/>\n<meta property=\"og:locale\" content=\"lv_LV\" \/>\n<meta property=\"og:type\" content=\"article\" \/>\n<meta property=\"og:title\" content=\"RIKON pakalpojumi\" \/>\n<meta property=\"og:description\" content=\"Uz\u0146\u0113mum\u0101 RIKON m\u0113s nodro\u0161in\u0101m pilna cikla pakalpojumus, lai garant\u0113tu j\u016bsu cel\u0161anas iek\u0101rtu efektivit\u0101ti, dro\u0161\u012bbu un ilgm\u016b\u017e\u012bbu. M\u016bsu kompetence aptver visu celt\u0146u dz\u012bves ciklu \u2014 no projekt\u0113\u0161anas l\u012bdz apkopei. Uz\u0146\u0113mums turpina papla\u0161in\u0101t savu ra\u017eo\u0161anas l\u012bniju, palielin\u0101t partneru skaitu un att\u012bst\u012bt jaunas perspekt\u012bvas jomas, iev\u0113rojot ilgtsp\u0113j\u012bgas att\u012bst\u012bbas kursu.\" \/>\n<meta property=\"og:url\" content=\"https:\/\/rikoncranes.com\/lv\/pakalpojumi\/\" \/>\n<meta property=\"og:site_name\" content=\"RIKON\" \/>\n<meta property=\"article:modified_time\" content=\"2026-04-13T17:11:09+00:00\" \/>\n<meta property=\"og:image\" content=\"https:\/\/rikoncranes.com\/wp-content\/uploads\/2025\/10\/services-1.jpg\" \/>\n<meta name=\"twitter:card\" content=\"summary_large_image\" \/>\n<meta name=\"twitter:label1\" content=\"Est. reading time\" \/>\n\t<meta name=\"twitter:data1\" content=\"2 minutes\" \/>\n<script type=\"application\/ld+json\" class=\"yoast-schema-graph\">{\"@context\":\"https:\\\/\\\/schema.org\",\"@graph\":[{\"@type\":\"WebPage\",\"@id\":\"https:\\\/\\\/rikoncranes.com\\\/lv\\\/pakalpojumi\\\/\",\"url\":\"https:\\\/\\\/rikoncranes.com\\\/lv\\\/pakalpojumi\\\/\",\"name\":\"RIKON pakalpojumi\",\"isPartOf\":{\"@id\":\"https:\\\/\\\/rikoncranes.com\\\/lv\\\/#website\"},\"primaryImageOfPage\":{\"@id\":\"https:\\\/\\\/rikoncranes.com\\\/lv\\\/pakalpojumi\\\/#primaryimage\"},\"image\":{\"@id\":\"https:\\\/\\\/rikoncranes.com\\\/lv\\\/pakalpojumi\\\/#primaryimage\"},\"thumbnailUrl\":\"https:\\\/\\\/rikoncranes.com\\\/wp-content\\\/uploads\\\/2025\\\/10\\\/services-1.jpg\",\"datePublished\":\"2025-10-10T09:27:26+00:00\",\"dateModified\":\"2026-04-13T17:11:09+00:00\",\"description\":\"Uz\u0146\u0113mum\u0101 RIKON m\u0113s nodro\u0161in\u0101m pilna cikla pakalpojumus, lai garant\u0113tu j\u016bsu cel\u0161anas iek\u0101rtu efektivit\u0101ti, dro\u0161\u012bbu un ilgm\u016b\u017e\u012bbu. M\u016bsu kompetence aptver visu celt\u0146u dz\u012bves ciklu \u2014 no projekt\u0113\u0161anas l\u012bdz apkopei. Uz\u0146\u0113mums turpina papla\u0161in\u0101t savu ra\u017eo\u0161anas l\u012bniju, palielin\u0101t partneru skaitu un att\u012bst\u012bt jaunas perspekt\u012bvas jomas, iev\u0113rojot ilgtsp\u0113j\u012bgas att\u012bst\u012bbas kursu.\",\"breadcrumb\":{\"@id\":\"https:\\\/\\\/rikoncranes.com\\\/lv\\\/pakalpojumi\\\/#breadcrumb\"},\"inLanguage\":\"lv-LV\",\"potentialAction\":[{\"@type\":\"ReadAction\",\"target\":[\"https:\\\/\\\/rikoncranes.com\\\/lv\\\/pakalpojumi\\\/\"]}]},{\"@type\":\"ImageObject\",\"inLanguage\":\"lv-LV\",\"@id\":\"https:\\\/\\\/rikoncranes.com\\\/lv\\\/pakalpojumi\\\/#primaryimage\",\"url\":\"https:\\\/\\\/rikoncranes.com\\\/wp-content\\\/uploads\\\/2025\\\/10\\\/services-1.jpg\",\"contentUrl\":\"https:\\\/\\\/rikoncranes.com\\\/wp-content\\\/uploads\\\/2025\\\/10\\\/services-1.jpg\"},{\"@type\":\"BreadcrumbList\",\"@id\":\"https:\\\/\\\/rikoncranes.com\\\/lv\\\/pakalpojumi\\\/#breadcrumb\",\"itemListElement\":[{\"@type\":\"ListItem\",\"position\":1,\"name\":\"Home\",\"item\":\"https:\\\/\\\/rikoncranes.com\\\/lv\\\/\"},{\"@type\":\"ListItem\",\"position\":2,\"name\":\"Pakalpojumi\"}]},{\"@type\":\"WebSite\",\"@id\":\"https:\\\/\\\/rikoncranes.com\\\/lv\\\/#website\",\"url\":\"https:\\\/\\\/rikoncranes.com\\\/lv\\\/\",\"name\":\"RIKONCRANES.COM\",\"description\":\"\",\"publisher\":{\"@id\":\"https:\\\/\\\/rikoncranes.com\\\/lv\\\/#organization\"},\"potentialAction\":[{\"@type\":\"SearchAction\",\"target\":{\"@type\":\"EntryPoint\",\"urlTemplate\":\"https:\\\/\\\/rikoncranes.com\\\/lv\\\/?s={search_term_string}\"},\"query-input\":{\"@type\":\"PropertyValueSpecification\",\"valueRequired\":true,\"valueName\":\"search_term_string\"}}],\"inLanguage\":\"lv-LV\"},{\"@type\":\"Organization\",\"@id\":\"https:\\\/\\\/rikoncranes.com\\\/lv\\\/#organization\",\"name\":\"RIKON JSC\",\"url\":\"https:\\\/\\\/rikoncranes.com\\\/lv\\\/\",\"logo\":{\"@type\":\"ImageObject\",\"inLanguage\":\"lv-LV\",\"@id\":\"https:\\\/\\\/rikoncranes.com\\\/lv\\\/#\\\/schema\\\/logo\\\/image\\\/\",\"url\":\"https:\\\/\\\/rikoncranes.com\\\/wp-content\\\/uploads\\\/2025\\\/11\\\/site-logotype.svg\",\"contentUrl\":\"https:\\\/\\\/rikoncranes.com\\\/wp-content\\\/uploads\\\/2025\\\/11\\\/site-logotype.svg\",\"width\":1160,\"height\":203,\"caption\":\"RIKON JSC\"},\"image\":{\"@id\":\"https:\\\/\\\/rikoncranes.com\\\/lv\\\/#\\\/schema\\\/logo\\\/image\\\/\"}}]}<\/script>\n<!-- \/ Yoast SEO Premium plugin. -->","yoast_head_json":{"title":"RIKON pakalpojumi","description":"Uz\u0146\u0113mum\u0101 RIKON m\u0113s nodro\u0161in\u0101m pilna cikla pakalpojumus, lai garant\u0113tu j\u016bsu cel\u0161anas iek\u0101rtu efektivit\u0101ti, dro\u0161\u012bbu un ilgm\u016b\u017e\u012bbu. M\u016bsu kompetence aptver visu celt\u0146u dz\u012bves ciklu \u2014 no projekt\u0113\u0161anas l\u012bdz apkopei. Uz\u0146\u0113mums turpina papla\u0161in\u0101t savu ra\u017eo\u0161anas l\u012bniju, palielin\u0101t partneru skaitu un att\u012bst\u012bt jaunas perspekt\u012bvas jomas, iev\u0113rojot ilgtsp\u0113j\u012bgas att\u012bst\u012bbas kursu.","robots":{"index":"index","follow":"follow","max-snippet":"max-snippet:-1","max-image-preview":"max-image-preview:large","max-video-preview":"max-video-preview:-1"},"canonical":"https:\/\/rikoncranes.com\/lv\/pakalpojumi\/","og_locale":"lv_LV","og_type":"article","og_title":"RIKON pakalpojumi","og_description":"Uz\u0146\u0113mum\u0101 RIKON m\u0113s nodro\u0161in\u0101m pilna cikla pakalpojumus, lai garant\u0113tu j\u016bsu cel\u0161anas iek\u0101rtu efektivit\u0101ti, dro\u0161\u012bbu un ilgm\u016b\u017e\u012bbu. M\u016bsu kompetence aptver visu celt\u0146u dz\u012bves ciklu \u2014 no projekt\u0113\u0161anas l\u012bdz apkopei. Uz\u0146\u0113mums turpina papla\u0161in\u0101t savu ra\u017eo\u0161anas l\u012bniju, palielin\u0101t partneru skaitu un att\u012bst\u012bt jaunas perspekt\u012bvas jomas, iev\u0113rojot ilgtsp\u0113j\u012bgas att\u012bst\u012bbas kursu.","og_url":"https:\/\/rikoncranes.com\/lv\/pakalpojumi\/","og_site_name":"RIKON","article_modified_time":"2026-04-13T17:11:09+00:00","og_image":[{"url":"https:\/\/rikoncranes.com\/wp-content\/uploads\/2025\/10\/services-1.jpg","type":"","width":"","height":""}],"twitter_card":"summary_large_image","twitter_misc":{"Est. reading time":"2 minutes"},"schema":{"@context":"https:\/\/schema.org","@graph":[{"@type":"WebPage","@id":"https:\/\/rikoncranes.com\/lv\/pakalpojumi\/","url":"https:\/\/rikoncranes.com\/lv\/pakalpojumi\/","name":"RIKON pakalpojumi","isPartOf":{"@id":"https:\/\/rikoncranes.com\/lv\/#website"},"primaryImageOfPage":{"@id":"https:\/\/rikoncranes.com\/lv\/pakalpojumi\/#primaryimage"},"image":{"@id":"https:\/\/rikoncranes.com\/lv\/pakalpojumi\/#primaryimage"},"thumbnailUrl":"https:\/\/rikoncranes.com\/wp-content\/uploads\/2025\/10\/services-1.jpg","datePublished":"2025-10-10T09:27:26+00:00","dateModified":"2026-04-13T17:11:09+00:00","description":"Uz\u0146\u0113mum\u0101 RIKON m\u0113s nodro\u0161in\u0101m pilna cikla pakalpojumus, lai garant\u0113tu j\u016bsu cel\u0161anas iek\u0101rtu efektivit\u0101ti, dro\u0161\u012bbu un ilgm\u016b\u017e\u012bbu. M\u016bsu kompetence aptver visu celt\u0146u dz\u012bves ciklu \u2014 no projekt\u0113\u0161anas l\u012bdz apkopei. Uz\u0146\u0113mums turpina papla\u0161in\u0101t savu ra\u017eo\u0161anas l\u012bniju, palielin\u0101t partneru skaitu un att\u012bst\u012bt jaunas perspekt\u012bvas jomas, iev\u0113rojot ilgtsp\u0113j\u012bgas att\u012bst\u012bbas kursu.","breadcrumb":{"@id":"https:\/\/rikoncranes.com\/lv\/pakalpojumi\/#breadcrumb"},"inLanguage":"lv-LV","potentialAction":[{"@type":"ReadAction","target":["https:\/\/rikoncranes.com\/lv\/pakalpojumi\/"]}]},{"@type":"ImageObject","inLanguage":"lv-LV","@id":"https:\/\/rikoncranes.com\/lv\/pakalpojumi\/#primaryimage","url":"https:\/\/rikoncranes.com\/wp-content\/uploads\/2025\/10\/services-1.jpg","contentUrl":"https:\/\/rikoncranes.com\/wp-content\/uploads\/2025\/10\/services-1.jpg"},{"@type":"BreadcrumbList","@id":"https:\/\/rikoncranes.com\/lv\/pakalpojumi\/#breadcrumb","itemListElement":[{"@type":"ListItem","position":1,"name":"Home","item":"https:\/\/rikoncranes.com\/lv\/"},{"@type":"ListItem","position":2,"name":"Pakalpojumi"}]},{"@type":"WebSite","@id":"https:\/\/rikoncranes.com\/lv\/#website","url":"https:\/\/rikoncranes.com\/lv\/","name":"RIKONCRANES.COM","description":"","publisher":{"@id":"https:\/\/rikoncranes.com\/lv\/#organization"},"potentialAction":[{"@type":"SearchAction","target":{"@type":"EntryPoint","urlTemplate":"https:\/\/rikoncranes.com\/lv\/?s={search_term_string}"},"query-input":{"@type":"PropertyValueSpecification","valueRequired":true,"valueName":"search_term_string"}}],"inLanguage":"lv-LV"},{"@type":"Organization","@id":"https:\/\/rikoncranes.com\/lv\/#organization","name":"RIKON JSC","url":"https:\/\/rikoncranes.com\/lv\/","logo":{"@type":"ImageObject","inLanguage":"lv-LV","@id":"https:\/\/rikoncranes.com\/lv\/#\/schema\/logo\/image\/","url":"https:\/\/rikoncranes.com\/wp-content\/uploads\/2025\/11\/site-logotype.svg","contentUrl":"https:\/\/rikoncranes.com\/wp-content\/uploads\/2025\/11\/site-logotype.svg","width":1160,"height":203,"caption":"RIKON JSC"},"image":{"@id":"https:\/\/rikoncranes.com\/lv\/#\/schema\/logo\/image\/"}}]}},"_links":{"self":[{"href":"https:\/\/rikoncranes.com\/lv\/wp-json\/wp\/v2\/pages\/460","targetHints":{"allow":["GET"]}}],"collection":[{"href":"https:\/\/rikoncranes.com\/lv\/wp-json\/wp\/v2\/pages"}],"about":[{"href":"https:\/\/rikoncranes.com\/lv\/wp-json\/wp\/v2\/types\/page"}],"author":[{"embeddable":true,"href":"https:\/\/rikoncranes.com\/lv\/wp-json\/wp\/v2\/users\/1"}],"replies":[{"embeddable":true,"href":"https:\/\/rikoncranes.com\/lv\/wp-json\/wp\/v2\/comments?post=460"}],"version-history":[{"count":1,"href":"https:\/\/rikoncranes.com\/lv\/wp-json\/wp\/v2\/pages\/460\/revisions"}],"predecessor-version":[{"id":1018,"href":"https:\/\/rikoncranes.com\/lv\/wp-json\/wp\/v2\/pages\/460\/revisions\/1018"}],"wp:attachment":[{"href":"https:\/\/rikoncranes.com\/lv\/wp-json\/wp\/v2\/media?parent=460"}],"curies":[{"name":"wp","href":"https:\/\/api.w.org\/{rel}","templated":true}]}}