{"id":475,"date":"2025-10-10T09:27:07","date_gmt":"2025-10-10T09:27:07","guid":{"rendered":"https:\/\/rikoncranes.com\/par-rikon\/"},"modified":"2025-12-02T14:35:40","modified_gmt":"2025-12-02T14:35:40","slug":"par-rikon","status":"publish","type":"page","link":"https:\/\/rikoncranes.com\/lv\/par-rikon\/","title":{"rendered":"Par RIKON"},"content":{"rendered":"<section class=\"ps-section ps-restricted-container\">\n    <div class=\"ps-content\">\n        <div class=\"restricted-width\">\n            <div class=\"inner-container\">\n                \n\n<h2 class=\"wp-block-heading has-extra-large-font-size\">PAR <mark style=\"background-color:rgba(0, 0, 0, 0)\" class=\"has-inline-color has-vivid-red-color\">RIKON<\/mark><\/h2>\n\n\n\n<h2 class=\"wp-block-heading\">J\u016bsu uzticamais partneris kravu apstr\u0101des risin\u0101jumos<\/h2>\n\n\n\n<div class=\"wp-block-columns is-layout-flex wp-container-core-columns-is-layout-9d6595d7 wp-block-columns-is-layout-flex\">\n    <div class=\"wp-block-column is-layout-flow wp-block-column-is-layout-flow\">\n        <p>Akciju sabiedr\u012bba \u201cRIKON\u201d ir vado\u0161ais Eiropas smago cel\u0161anas iek\u0101rtu ra\u017eot\u0101js, kas specializ\u0113jas divk\u0101r\u0161\u0101s str\u0113les l\u012bme\u0146a luffing celt\u0146u, RMG celt\u0146u, RTG celt\u0146u, mobilo ostas celt\u0146u, ku\u0123u un j\u016bras celt\u0146u ra\u017eo\u0161an\u0101.<br\/><strong>DIBIN\u0100TS 1991. gad\u0101 R\u012bg\u0101, Latvij\u0101, bet ar sakn\u0113m, kas aizs\u0101k\u0101s 1954. gad\u0101<\/strong>, RIKON ir vair\u0101k nek\u0101 70 gadu pla\u0161a pieredze augst\u0101k\u0101s kvalit\u0101tes kravu apstr\u0101des iek\u0101rtu ra\u017eo\u0161an\u0101.<\/p>\n        \n\n        \n        <p>Klienti vis\u0101 pasaul\u0113 izv\u0113las RIKON, lai sa\u0146emtu uzticamus, augstas kvalit\u0101tes smago kravu cel\u0161anas risin\u0101jumus, kas piel\u0101goti vi\u0146u vajadz\u012bb\u0101m. M\u016bsu klientu vid\u016b ir j\u016bras ostas, upju ostas, ku\u0123u b\u016bv\u0113tavas, lo\u0123istikas termin\u0101\u013ci un r\u016bpniec\u012bbas uz\u0146\u0113mumi \u0161\u0101d\u0101s valst\u012bs: Latvija, Francija, Polija, V\u0101cija, Sp\u0101nija, Turcija, Kazahst\u0101na, Uzbekist\u0101na, Bosnija un Hercegovina, Gruzija, Sov\u0101kija u.c.<\/p>\n        \n\n        \n        <p>Uz\u0146\u0113mum\u0101 RIKON m\u0113s lepojamies ar sav\u0101m visaptvero\u0161aj\u0101m ra\u017eo\u0161anas iesp\u0113j\u0101m, tostarp 10\u00a0000 m\u00b2 modern\u0101m telp\u0101m ar dzelzce\u013ca un autoce\u013cu piek\u013cuvi, k\u0101 ar\u012b priv\u0101tu 130 metru garu piest\u0101tni efekt\u012bvai lo\u0123istikai. M\u016bsu darbn\u012bcas ir apr\u012bkotas ar modern\u0101m met\u0101lapstr\u0101des un metin\u0101\u0161anas iek\u0101rt\u0101m, kas \u013cauj mums iev\u0113rot stingrus Eiropas kvalit\u0101tes standartus vis\u0101 m\u016bsu produktu dz\u012bves cikl\u0101.<\/p>\n        \n\n        \n        <p><strong>Uz\u0146\u0113mums ir sertific\u0113ts atbilsto\u0161i ISO 9001:2015, ISO 3834-2:2021, EN 1090-1:2009+A1:2011 un daudzu citu standartu pras\u012bb\u0101m.<\/strong><\/p>\n        \n\n        <div class=\"block-certificates\"><div class=\"certificates-container\"><a class=\"single-certificate\" href=\"https:\/\/rikoncranes.com\/wp-content\/uploads\/2025\/10\/Certificate-EN-ISO-3834-2-2021-1.pdf\" type=\"application\/pdf\" download aria-label=\"Certificate - EN ISO 3834-2 2021-1\"><img decoding=\"async\" class=\"certificate-logotype\" src=\"https:\/\/rikoncranes.com\/wp-content\/uploads\/2025\/10\/iso-3834-black.png\" alt=\"\"><\/a><a class=\"single-certificate\" href=\"https:\/\/rikoncranes.com\/wp-content\/uploads\/2025\/10\/Certificate-EN-1090-1-2009-A1-2011.pdf\" type=\"application\/pdf\" download aria-label=\"Certificate - EN 1090-1 2009 A1 2011\"><img decoding=\"async\" class=\"certificate-logotype\" src=\"https:\/\/rikoncranes.com\/wp-content\/uploads\/2025\/10\/en-1090-1-black.png\" alt=\"\"><\/a><a class=\"single-certificate\" href=\"https:\/\/rikoncranes.com\/wp-content\/uploads\/2025\/10\/Certificate-ISO-9001-2015.pdf\" type=\"application\/pdf\" download aria-label=\"Certificate - ISO 9001 2015\"><img decoding=\"async\" class=\"certificate-logotype-mobile\" src=\"https:\/\/rikoncranes.com\/wp-content\/uploads\/2025\/10\/iso-9001-vertical-black-1.png\" alt=\"\"><img decoding=\"async\" class=\"certificate-logotype\" src=\"https:\/\/rikoncranes.com\/wp-content\/uploads\/2025\/10\/iso-9001-black.png\" alt=\"\"><\/a><\/div><\/div><\/div>\n    \n\n    \n    <div class=\"wp-block-column is-layout-flow wp-block-column-is-layout-flow\">\n        <p>M\u016bsu \u012bpa\u0161i izveidot\u0101 130 augsti kvalific\u0113tu speci\u0101listu komanda, tostarp meh\u0101nikas un elektrotehnikas in\u017eenieri, veicina inov\u0101cijas un efektivit\u0101ti celt\u0146u ra\u017eo\u0161an\u0101. Ar iek\u0161\u0113jo in\u017eenieru biroju m\u0113s nodro\u0161in\u0101m neatkar\u012bbu projektu \u012bsteno\u0161an\u0101, \u013caujot mums apmierin\u0101t ku\u0123u b\u016bv\u0113tavu, ostu un r\u016bpniec\u012bbas uz\u0146\u0113mumu \u012bpa\u0161\u0101s vajadz\u012bbas.<\/p>\n        \n\n        \n        <p>S\u0101kot ar t\u0113rauda lok\u0161\u0146u un cauru\u013cu konstrukciju sagatavo\u0161anu un beidzot ar apdares p\u0101rkl\u0101jumu ar klienta nor\u0101d\u012btajiem p\u0101rkl\u0101jumiem, viss ra\u017eo\u0161anas cikls, ieskaitot programmat\u016bras izstr\u0101di, notiek m\u016bsu pa\u0161u sp\u0113kiem. Tas ietver mont\u0101\u017eas zonu, kur m\u0113s varam uzst\u0101d\u012bt darbam gatavus celt\u0146us un nos\u016bt\u012bt tos tie\u0161i no m\u016bsu r\u016bpn\u012bcas piest\u0101tnes.<\/p>\n        \n\n        <div class=\"history-banner\">\n    <p class=\"history-banner-fact\">Dibin\u0101ts<\/p>\n    <p class=\"history-banner-date\">1991<\/p>\n<\/div>\n<\/div>\n    <\/div>\n\n\n\n            <\/div>\n        <\/div>\n    <\/div>\n<\/section>\n\n<figure class=\"wp-block-image size-full image-with-rikon-logotype\"><img src=https:\/\/rikoncranes.com\/wp-content\/uploads\/2025\/10\/about-1.jpg alt=\"\" class=\"wp-image-375\"\/><\/figure>\n<section class=\"ps-section ps-restricted-container\">\n    <div class=\"ps-content\">\n        <div class=\"restricted-width\">\n            <div class=\"inner-container\">\n                \n\n<figure class=\"wp-block-gallery has-nested-images columns-default is-cropped about-rikon-gallery wp-block-gallery-1 is-layout-flex wp-block-gallery-is-layout-flex\">\n    <figure class=\"wp-block-image size-full\"><img data-id=\"382\" src=https:\/\/rikoncranes.com\/wp-content\/uploads\/2025\/10\/about-3.jpg alt=\"\" class=\"wp-image-382\"\/><\/figure>\n    \n\n    \n    <figure class=\"wp-block-image size-full\"><img data-id=\"378\" src=https:\/\/rikoncranes.com\/wp-content\/uploads\/2025\/10\/about-4.jpg alt=\"\" class=\"wp-image-378\"\/><\/figure>\n    \n\n    \n    <figure class=\"wp-block-image size-full\"><img data-id=\"380\" src=https:\/\/rikoncranes.com\/wp-content\/uploads\/2025\/10\/about-2-scaled.jpg alt=\"\" class=\"wp-image-380\"\/><\/figure>\n    <figcaption class=\"blocks-gallery-caption wp-element-caption\">RIKON ra\u017eotne Daugavas krast\u0101, R\u012bg\u0101, starp Milgr\u0101vja pieteku un Sarkandaugavas kan\u0101lu<\/figcaption><\/figure>\n\n\n            <\/div>\n        <\/div>\n    <\/div>\n<\/section>\n","protected":false},"excerpt":{"rendered":"","protected":false},"author":1,"featured_media":0,"parent":0,"menu_order":2,"comment_status":"closed","ping_status":"closed","template":"full-width-page","meta":{"_acf_changed":false,"footnotes":""},"class_list":["post-475","page","type-page","status-publish","hentry"],"acf":[],"yoast_head":"<!-- This site is optimized with the Yoast SEO Premium plugin v1 (Yoast SEO v27.3) - https:\/\/yoast.com\/product\/yoast-seo-premium-wordpress\/ -->\n<title>Par RIKON<\/title>\n<meta name=\"description\" content=\"Akciju sabiedr\u012bba \u201cRIKON\u201d ir vado\u0161ais Eiropas smago cel\u0161anas iek\u0101rtu ra\u017eot\u0101js, kas specializ\u0113jas divk\u0101r\u0161\u0101s str\u0113les l\u012bme\u0146a luffing celt\u0146u, RMG celt\u0146u, RTG celt\u0146u, mobilo ostas celt\u0146u, ku\u0123u un j\u016bras celt\u0146u ra\u017eo\u0161an\u0101. Dibin\u0101ts 1991. gad\u0101 R\u012bg\u0101, Latvij\u0101, bet ar sakn\u0113m, kas aizs\u0101k\u0101s 1954. gad\u0101, RIKON ir vair\u0101k nek\u0101 70 gadu pla\u0161a pieredze augst\u0101k\u0101s kvalit\u0101tes kravu apstr\u0101des iek\u0101rtu ra\u017eo\u0161an\u0101.\" \/>\n<meta name=\"robots\" content=\"index, follow, max-snippet:-1, max-image-preview:large, max-video-preview:-1\" \/>\n<link rel=\"canonical\" href=\"https:\/\/rikoncranes.com\/lv\/par-rikon\/\" \/>\n<meta property=\"og:locale\" content=\"lv_LV\" \/>\n<meta property=\"og:type\" content=\"article\" \/>\n<meta property=\"og:title\" content=\"Par RIKON\" \/>\n<meta property=\"og:description\" content=\"Akciju sabiedr\u012bba \u201cRIKON\u201d ir vado\u0161ais Eiropas smago cel\u0161anas iek\u0101rtu ra\u017eot\u0101js, kas specializ\u0113jas divk\u0101r\u0161\u0101s str\u0113les l\u012bme\u0146a luffing celt\u0146u, RMG celt\u0146u, RTG celt\u0146u, mobilo ostas celt\u0146u, ku\u0123u un j\u016bras celt\u0146u ra\u017eo\u0161an\u0101. Dibin\u0101ts 1991. gad\u0101 R\u012bg\u0101, Latvij\u0101, bet ar sakn\u0113m, kas aizs\u0101k\u0101s 1954. gad\u0101, RIKON ir vair\u0101k nek\u0101 70 gadu pla\u0161a pieredze augst\u0101k\u0101s kvalit\u0101tes kravu apstr\u0101des iek\u0101rtu ra\u017eo\u0161an\u0101.\" \/>\n<meta property=\"og:url\" content=\"https:\/\/rikoncranes.com\/lv\/par-rikon\/\" \/>\n<meta property=\"og:site_name\" content=\"RIKON\" \/>\n<meta property=\"article:modified_time\" content=\"2025-12-02T14:35:40+00:00\" \/>\n<meta property=\"og:image\" content=\"https:\/\/rikoncranes.com\/wp-content\/uploads\/2025\/10\/about-1.jpg\" \/>\n<meta name=\"twitter:card\" content=\"summary_large_image\" \/>\n<meta name=\"twitter:label1\" content=\"Est. reading time\" \/>\n\t<meta name=\"twitter:data1\" content=\"2 minutes\" \/>\n<script type=\"application\/ld+json\" class=\"yoast-schema-graph\">{\"@context\":\"https:\\\/\\\/schema.org\",\"@graph\":[{\"@type\":\"WebPage\",\"@id\":\"https:\\\/\\\/rikoncranes.com\\\/lv\\\/par-rikon\\\/\",\"url\":\"https:\\\/\\\/rikoncranes.com\\\/lv\\\/par-rikon\\\/\",\"name\":\"Par RIKON\",\"isPartOf\":{\"@id\":\"https:\\\/\\\/rikoncranes.com\\\/lv\\\/#website\"},\"primaryImageOfPage\":{\"@id\":\"https:\\\/\\\/rikoncranes.com\\\/lv\\\/par-rikon\\\/#primaryimage\"},\"image\":{\"@id\":\"https:\\\/\\\/rikoncranes.com\\\/lv\\\/par-rikon\\\/#primaryimage\"},\"thumbnailUrl\":\"https:\\\/\\\/rikoncranes.com\\\/wp-content\\\/uploads\\\/2025\\\/10\\\/about-1.jpg\",\"datePublished\":\"2025-10-10T09:27:07+00:00\",\"dateModified\":\"2025-12-02T14:35:40+00:00\",\"description\":\"Akciju sabiedr\u012bba \u201cRIKON\u201d ir vado\u0161ais Eiropas smago cel\u0161anas iek\u0101rtu ra\u017eot\u0101js, kas specializ\u0113jas divk\u0101r\u0161\u0101s str\u0113les l\u012bme\u0146a luffing celt\u0146u, RMG celt\u0146u, RTG celt\u0146u, mobilo ostas celt\u0146u, ku\u0123u un j\u016bras celt\u0146u ra\u017eo\u0161an\u0101. Dibin\u0101ts 1991. gad\u0101 R\u012bg\u0101, Latvij\u0101, bet ar sakn\u0113m, kas aizs\u0101k\u0101s 1954. gad\u0101, RIKON ir vair\u0101k nek\u0101 70 gadu pla\u0161a pieredze augst\u0101k\u0101s kvalit\u0101tes kravu apstr\u0101des iek\u0101rtu ra\u017eo\u0161an\u0101.\",\"breadcrumb\":{\"@id\":\"https:\\\/\\\/rikoncranes.com\\\/lv\\\/par-rikon\\\/#breadcrumb\"},\"inLanguage\":\"lv-LV\",\"potentialAction\":[{\"@type\":\"ReadAction\",\"target\":[\"https:\\\/\\\/rikoncranes.com\\\/lv\\\/par-rikon\\\/\"]}]},{\"@type\":\"ImageObject\",\"inLanguage\":\"lv-LV\",\"@id\":\"https:\\\/\\\/rikoncranes.com\\\/lv\\\/par-rikon\\\/#primaryimage\",\"url\":\"https:\\\/\\\/rikoncranes.com\\\/wp-content\\\/uploads\\\/2025\\\/10\\\/about-1.jpg\",\"contentUrl\":\"https:\\\/\\\/rikoncranes.com\\\/wp-content\\\/uploads\\\/2025\\\/10\\\/about-1.jpg\"},{\"@type\":\"BreadcrumbList\",\"@id\":\"https:\\\/\\\/rikoncranes.com\\\/lv\\\/par-rikon\\\/#breadcrumb\",\"itemListElement\":[{\"@type\":\"ListItem\",\"position\":1,\"name\":\"Home\",\"item\":\"https:\\\/\\\/rikoncranes.com\\\/lv\\\/\"},{\"@type\":\"ListItem\",\"position\":2,\"name\":\"Par RIKON\"}]},{\"@type\":\"WebSite\",\"@id\":\"https:\\\/\\\/rikoncranes.com\\\/lv\\\/#website\",\"url\":\"https:\\\/\\\/rikoncranes.com\\\/lv\\\/\",\"name\":\"RIKONCRANES.COM\",\"description\":\"\",\"publisher\":{\"@id\":\"https:\\\/\\\/rikoncranes.com\\\/lv\\\/#organization\"},\"potentialAction\":[{\"@type\":\"SearchAction\",\"target\":{\"@type\":\"EntryPoint\",\"urlTemplate\":\"https:\\\/\\\/rikoncranes.com\\\/lv\\\/?s={search_term_string}\"},\"query-input\":{\"@type\":\"PropertyValueSpecification\",\"valueRequired\":true,\"valueName\":\"search_term_string\"}}],\"inLanguage\":\"lv-LV\"},{\"@type\":\"Organization\",\"@id\":\"https:\\\/\\\/rikoncranes.com\\\/lv\\\/#organization\",\"name\":\"RIKON JSC\",\"url\":\"https:\\\/\\\/rikoncranes.com\\\/lv\\\/\",\"logo\":{\"@type\":\"ImageObject\",\"inLanguage\":\"lv-LV\",\"@id\":\"https:\\\/\\\/rikoncranes.com\\\/lv\\\/#\\\/schema\\\/logo\\\/image\\\/\",\"url\":\"https:\\\/\\\/rikoncranes.com\\\/wp-content\\\/uploads\\\/2025\\\/11\\\/site-logotype.svg\",\"contentUrl\":\"https:\\\/\\\/rikoncranes.com\\\/wp-content\\\/uploads\\\/2025\\\/11\\\/site-logotype.svg\",\"width\":1160,\"height\":203,\"caption\":\"RIKON JSC\"},\"image\":{\"@id\":\"https:\\\/\\\/rikoncranes.com\\\/lv\\\/#\\\/schema\\\/logo\\\/image\\\/\"}}]}<\/script>\n<!-- \/ Yoast SEO Premium plugin. -->","yoast_head_json":{"title":"Par RIKON","description":"Akciju sabiedr\u012bba \u201cRIKON\u201d ir vado\u0161ais Eiropas smago cel\u0161anas iek\u0101rtu ra\u017eot\u0101js, kas specializ\u0113jas divk\u0101r\u0161\u0101s str\u0113les l\u012bme\u0146a luffing celt\u0146u, RMG celt\u0146u, RTG celt\u0146u, mobilo ostas celt\u0146u, ku\u0123u un j\u016bras celt\u0146u ra\u017eo\u0161an\u0101. Dibin\u0101ts 1991. gad\u0101 R\u012bg\u0101, Latvij\u0101, bet ar sakn\u0113m, kas aizs\u0101k\u0101s 1954. gad\u0101, RIKON ir vair\u0101k nek\u0101 70 gadu pla\u0161a pieredze augst\u0101k\u0101s kvalit\u0101tes kravu apstr\u0101des iek\u0101rtu ra\u017eo\u0161an\u0101.","robots":{"index":"index","follow":"follow","max-snippet":"max-snippet:-1","max-image-preview":"max-image-preview:large","max-video-preview":"max-video-preview:-1"},"canonical":"https:\/\/rikoncranes.com\/lv\/par-rikon\/","og_locale":"lv_LV","og_type":"article","og_title":"Par RIKON","og_description":"Akciju sabiedr\u012bba \u201cRIKON\u201d ir vado\u0161ais Eiropas smago cel\u0161anas iek\u0101rtu ra\u017eot\u0101js, kas specializ\u0113jas divk\u0101r\u0161\u0101s str\u0113les l\u012bme\u0146a luffing celt\u0146u, RMG celt\u0146u, RTG celt\u0146u, mobilo ostas celt\u0146u, ku\u0123u un j\u016bras celt\u0146u ra\u017eo\u0161an\u0101. Dibin\u0101ts 1991. gad\u0101 R\u012bg\u0101, Latvij\u0101, bet ar sakn\u0113m, kas aizs\u0101k\u0101s 1954. gad\u0101, RIKON ir vair\u0101k nek\u0101 70 gadu pla\u0161a pieredze augst\u0101k\u0101s kvalit\u0101tes kravu apstr\u0101des iek\u0101rtu ra\u017eo\u0161an\u0101.","og_url":"https:\/\/rikoncranes.com\/lv\/par-rikon\/","og_site_name":"RIKON","article_modified_time":"2025-12-02T14:35:40+00:00","og_image":[{"url":"https:\/\/rikoncranes.com\/wp-content\/uploads\/2025\/10\/about-1.jpg","type":"","width":"","height":""}],"twitter_card":"summary_large_image","twitter_misc":{"Est. reading time":"2 minutes"},"schema":{"@context":"https:\/\/schema.org","@graph":[{"@type":"WebPage","@id":"https:\/\/rikoncranes.com\/lv\/par-rikon\/","url":"https:\/\/rikoncranes.com\/lv\/par-rikon\/","name":"Par RIKON","isPartOf":{"@id":"https:\/\/rikoncranes.com\/lv\/#website"},"primaryImageOfPage":{"@id":"https:\/\/rikoncranes.com\/lv\/par-rikon\/#primaryimage"},"image":{"@id":"https:\/\/rikoncranes.com\/lv\/par-rikon\/#primaryimage"},"thumbnailUrl":"https:\/\/rikoncranes.com\/wp-content\/uploads\/2025\/10\/about-1.jpg","datePublished":"2025-10-10T09:27:07+00:00","dateModified":"2025-12-02T14:35:40+00:00","description":"Akciju sabiedr\u012bba \u201cRIKON\u201d ir vado\u0161ais Eiropas smago cel\u0161anas iek\u0101rtu ra\u017eot\u0101js, kas specializ\u0113jas divk\u0101r\u0161\u0101s str\u0113les l\u012bme\u0146a luffing celt\u0146u, RMG celt\u0146u, RTG celt\u0146u, mobilo ostas celt\u0146u, ku\u0123u un j\u016bras celt\u0146u ra\u017eo\u0161an\u0101. Dibin\u0101ts 1991. gad\u0101 R\u012bg\u0101, Latvij\u0101, bet ar sakn\u0113m, kas aizs\u0101k\u0101s 1954. gad\u0101, RIKON ir vair\u0101k nek\u0101 70 gadu pla\u0161a pieredze augst\u0101k\u0101s kvalit\u0101tes kravu apstr\u0101des iek\u0101rtu ra\u017eo\u0161an\u0101.","breadcrumb":{"@id":"https:\/\/rikoncranes.com\/lv\/par-rikon\/#breadcrumb"},"inLanguage":"lv-LV","potentialAction":[{"@type":"ReadAction","target":["https:\/\/rikoncranes.com\/lv\/par-rikon\/"]}]},{"@type":"ImageObject","inLanguage":"lv-LV","@id":"https:\/\/rikoncranes.com\/lv\/par-rikon\/#primaryimage","url":"https:\/\/rikoncranes.com\/wp-content\/uploads\/2025\/10\/about-1.jpg","contentUrl":"https:\/\/rikoncranes.com\/wp-content\/uploads\/2025\/10\/about-1.jpg"},{"@type":"BreadcrumbList","@id":"https:\/\/rikoncranes.com\/lv\/par-rikon\/#breadcrumb","itemListElement":[{"@type":"ListItem","position":1,"name":"Home","item":"https:\/\/rikoncranes.com\/lv\/"},{"@type":"ListItem","position":2,"name":"Par RIKON"}]},{"@type":"WebSite","@id":"https:\/\/rikoncranes.com\/lv\/#website","url":"https:\/\/rikoncranes.com\/lv\/","name":"RIKONCRANES.COM","description":"","publisher":{"@id":"https:\/\/rikoncranes.com\/lv\/#organization"},"potentialAction":[{"@type":"SearchAction","target":{"@type":"EntryPoint","urlTemplate":"https:\/\/rikoncranes.com\/lv\/?s={search_term_string}"},"query-input":{"@type":"PropertyValueSpecification","valueRequired":true,"valueName":"search_term_string"}}],"inLanguage":"lv-LV"},{"@type":"Organization","@id":"https:\/\/rikoncranes.com\/lv\/#organization","name":"RIKON JSC","url":"https:\/\/rikoncranes.com\/lv\/","logo":{"@type":"ImageObject","inLanguage":"lv-LV","@id":"https:\/\/rikoncranes.com\/lv\/#\/schema\/logo\/image\/","url":"https:\/\/rikoncranes.com\/wp-content\/uploads\/2025\/11\/site-logotype.svg","contentUrl":"https:\/\/rikoncranes.com\/wp-content\/uploads\/2025\/11\/site-logotype.svg","width":1160,"height":203,"caption":"RIKON JSC"},"image":{"@id":"https:\/\/rikoncranes.com\/lv\/#\/schema\/logo\/image\/"}}]}},"_links":{"self":[{"href":"https:\/\/rikoncranes.com\/lv\/wp-json\/wp\/v2\/pages\/475","targetHints":{"allow":["GET"]}}],"collection":[{"href":"https:\/\/rikoncranes.com\/lv\/wp-json\/wp\/v2\/pages"}],"about":[{"href":"https:\/\/rikoncranes.com\/lv\/wp-json\/wp\/v2\/types\/page"}],"author":[{"embeddable":true,"href":"https:\/\/rikoncranes.com\/lv\/wp-json\/wp\/v2\/users\/1"}],"replies":[{"embeddable":true,"href":"https:\/\/rikoncranes.com\/lv\/wp-json\/wp\/v2\/comments?post=475"}],"version-history":[{"count":1,"href":"https:\/\/rikoncranes.com\/lv\/wp-json\/wp\/v2\/pages\/475\/revisions"}],"predecessor-version":[{"id":635,"href":"https:\/\/rikoncranes.com\/lv\/wp-json\/wp\/v2\/pages\/475\/revisions\/635"}],"wp:attachment":[{"href":"https:\/\/rikoncranes.com\/lv\/wp-json\/wp\/v2\/media?parent=475"}],"curies":[{"name":"wp","href":"https:\/\/api.w.org\/{rel}","templated":true}]}}