{"id":476,"date":"2025-10-10T09:26:58","date_gmt":"2025-10-10T09:26:58","guid":{"rendered":"https:\/\/rikoncranes.com\/vesture-un-misija\/"},"modified":"2025-12-02T14:42:25","modified_gmt":"2025-12-02T14:42:25","slug":"vesture-un-misija","status":"publish","type":"page","link":"https:\/\/rikoncranes.com\/lv\/vesture-un-misija\/","title":{"rendered":"V\u0113sture un misija"},"content":{"rendered":"<section class=\"ps-section ps-restricted-container\">\n    <div class=\"ps-content\">\n        <div class=\"restricted-width\">\n            <div class=\"inner-container\">\n                \n\n<h2 class=\"wp-block-heading has-extra-large-font-size\">RIKON <mark style=\"background-color:rgba(0, 0, 0, 0)\" class=\"has-inline-color has-vivid-red-color\">V\u0112STURE<\/mark> <br\/>UN <mark style=\"background-color:rgba(0, 0, 0, 0)\" class=\"has-inline-color has-vivid-red-color\">MISIJA<\/mark><\/h2>\n\n\n\n<h2 class=\"wp-block-heading width-65-percents\">Uz\u0146\u0113mum\u0101 RIKON m\u0113s ne tikai ra\u017eojam celt\u0146us. M\u0113s veidojam ilgtsp\u0113j\u012bgu n\u0101kotni pasaules pacel\u0161anas un transport\u0113\u0161anas nozarei.<\/h2>\n\n\n\n<div class=\"wp-block-columns is-layout-flex wp-container-core-columns-is-layout-9d6595d7 wp-block-columns-is-layout-flex\">\n    <div class=\"wp-block-column is-layout-flow wp-block-column-is-layout-flow\" style=\"flex-basis:66.66%\">\n        <p>RIKON saknes mekl\u0113jamas 1954. gad\u0101 R\u012bg\u0101, Latvij\u0101, kur s\u0101kotn\u0113ji t\u0101 darbn\u012bc\u0101s tika ra\u017eotas un remont\u0113tas da\u017e\u0101das cel\u0161anas iek\u0101rtas un p\u0101rvieto\u0161anas ier\u012bces. Kop\u0161 t\u0101 laika m\u0113s esam velt\u012bju\u0161i sevi misijai ra\u017eot augst\u0101k\u0101s klases smago cel\u0161anas iek\u0101rtas, kas piel\u0101gotas da\u017e\u0101diem pielietojumiem. M\u016bsu ap\u0146em\u0161an\u0101s uzlabot darb\u012bbas efektivit\u0101ti, dro\u0161\u012bbu un komfortu ir bijusi m\u016bsu izaugsmes un att\u012bst\u012bbas st\u016brakmens visu gadu garum\u0101.<br\/>Laika gait\u0101 RIKON ir ieguvis iev\u0113rojamu atzin\u012bbu smago cel\u0161anas iek\u0101rtu nozar\u0113, past\u0101v\u012bgi cen\u0161oties izpild\u012bt un p\u0101rsniegt tirgus cer\u012bbas. M\u016bsu misija atspogu\u013co ilgtermi\u0146a ap\u0146em\u0161anos nodro\u0161in\u0101t izcil\u012bbu un ilgtsp\u0113j\u012bbu ra\u017eo\u0161an\u0101, nodro\u0161inot, ka m\u0113s saglab\u0101jam vado\u0161o poz\u012bciju nozar\u0113.<\/p>\n        <\/div>\n    \n\n    \n    <div class=\"wp-block-column is-layout-flow wp-block-column-is-layout-flow\" style=\"flex-basis:33.33%\"><div class=\"history-banner\">\n    <p class=\"history-banner-fact\">Saknes, kas <br>dat\u0113jamas ar<\/p>\n    <p class=\"history-banner-date\">1954<\/p>\n<\/div>\n<\/div>\n    <\/div>\n\n\n\n<figure class=\"wp-block-gallery has-nested-images columns-default is-cropped history-and-mission-gallery wp-block-gallery-1 is-layout-flex wp-block-gallery-is-layout-flex\">\n    <figure class=\"wp-block-image size-full\"><img data-id=\"340\" src=https:\/\/rikoncranes.com\/wp-content\/uploads\/2025\/10\/history-1.jpg alt=\"\" class=\"wp-image-340\"\/><\/figure>\n    \n\n    \n    <figure class=\"wp-block-image size-full\"><img data-id=\"335\" src=https:\/\/rikoncranes.com\/wp-content\/uploads\/2025\/10\/history-2-scaled.jpg alt=\"\" class=\"wp-image-335\"\/><\/figure>\n    \n\n    \n    <figure class=\"wp-block-image size-full\"><img data-id=\"334\" src=https:\/\/rikoncranes.com\/wp-content\/uploads\/2025\/10\/history-3-scaled.jpg alt=\"\" class=\"wp-image-334\"\/><\/figure>\n    <figcaption class=\"blocks-gallery-caption wp-element-caption\">R\u012bga 1954. gad\u0101, Dominika Gedzjuna fotogr\u0101fijas<\/figcaption><\/figure>\n\n\n\n<h2 class=\"wp-block-heading inner-page-offsets has-extra-large-font-size\">M\u016aSU <mark style=\"background-color:rgba(0, 0, 0, 0)\" class=\"has-inline-color has-vivid-red-color\">Z\u012aMOLA V\u0112RT\u012aBAS<\/mark><\/h2>\n\n\n\n<div class=\"wp-block-columns is-layout-flex wp-container-core-columns-is-layout-9d6595d7 wp-block-columns-is-layout-flex\">\n    <div class=\"wp-block-column is-layout-flow wp-block-column-is-layout-flow\">\n        <h2 class=\"wp-block-heading has-vivid-red-color has-text-color has-link-color wp-elements-1777cc1ab327416cddb6be773e0c72f1\">Kvalit\u0101te<\/h2>\n        \n\n        \n        <p>M\u0113s esam ap\u0146\u0113mu\u0161ies nodro\u0161in\u0101t izcilu meistar\u012bbu met\u0101lapstr\u0101des un augstas kvalit\u0101tes aparat\u016bras jom\u0101. M\u016bsu iek\u0161\u0113j\u0101 iek\u0101rtu integr\u0101cija un programmat\u016bras izstr\u0101de nodro\u0161ina uzticamu un efekt\u012bvu celt\u0146a darb\u012bbu.<\/p>\n        \n\n        \n        <h2 class=\"wp-block-heading has-vivid-red-color has-text-color has-link-color wp-elements-dcbd1b78af08dd55a756cecd94e30943\">Uzticam\u012bba<\/h2>\n        \n\n        \n        <p>M\u0113s garant\u0113jam uzticamu veiktsp\u0113ju un stabilu p\u0113cp\u0101rdo\u0161anas servisu, tostarp uzst\u0101d\u012b\u0161anu uz vietas un visaptvero\u0161u apkopi un atbalstu visu diennakti, visu darbu veicot uz vietas, lai nodro\u0161in\u0101tu maksim\u0101lu kontroli.<\/p>\n        \n\n        \n        <h2 class=\"wp-block-heading has-vivid-red-color has-text-color has-link-color wp-elements-4fd8719aee7128b84b0cba75eef61822\">Klientcentrisks<\/h2>\n        \n\n        \n        <p>M\u0113s uzskat\u0101m par priorit\u0101ti izprast un apmierin\u0101t m\u016bsu glob\u0101lo klientu da\u017e\u0101d\u0101s vajadz\u012bbas, pied\u0101v\u0101jot piel\u0101gotus risin\u0101jumus un izcilu servisu.<\/p>\n        \n\n        \n        <h2 class=\"wp-block-heading has-vivid-red-color has-text-color has-link-color wp-elements-aa28f4479d3f624bd440f4b8656e3c78\">Inov\u0101cija<\/h2>\n        \n\n        \n        <p>M\u0113s past\u0101v\u012bgi ievie\u0161am jaunas tehnolo\u0123ijas un risin\u0101jumus celt\u0146u ra\u017eo\u0161an\u0101, koncentr\u0113joties uz unik\u0101liem dizainiem un vied\u0101m, energoefekt\u012bv\u0101m darb\u012bb\u0101m.<\/p>\n        <\/div>\n    \n\n    \n    <div class=\"wp-block-column is-layout-flow wp-block-column-is-layout-flow\">\n        <h2 class=\"wp-block-heading has-vivid-red-color has-text-color has-link-color wp-elements-460508657734ee20d02dbed2e6c98a59\">Ilgtsp\u0113j\u012bba<\/h2>\n        \n\n        \n        <p>M\u0113s integr\u0113jam videi draudz\u012bgas prakses m\u016bsu ra\u017eo\u0161anas procesos un celt\u0146u darb\u012bb\u0101, veicinot energoefektivit\u0101ti un samazinot m\u016bsu ietekmi uz vidi.<\/p>\n        \n\n        \n        <h2 class=\"wp-block-heading has-vivid-red-color has-text-color has-link-color wp-elements-25ec4407a55a4822895fde361b32a32b\">Glob\u0101lais p\u0101rkl\u0101jums<\/h2>\n        \n\n        \n        <p>Ar sp\u0113c\u012bgu starptautisko kl\u0101tb\u016btni un daudzveid\u012bgu klientu b\u0101zi m\u0113s esam ap\u0146\u0113mu\u0161ies papla\u0161in\u0101t savu tirgus da\u013cu un stiprin\u0101t glob\u0101l\u0101s partnerattiec\u012bbas.<\/p>\n        \n\n        \n        <h2 class=\"wp-block-heading has-vivid-red-color has-text-color has-link-color wp-elements-09a12fe489248e91c1ba6aa45c26a9b6\">Glob\u0101la ap\u0146em\u0161an\u0101s<\/h2>\n        \n\n        \n        <p>Augstas kvalit\u0101tes un energoefekt\u012bvu celt\u0146u pieg\u0101de vis\u0101 pasaul\u0113 s\u0113rijveid\u0101, ar pier\u0101d\u012btu pieredzi, kas balst\u012bta uz integrit\u0101ti un ap\u0146em\u0161anos sniegt personaliz\u0113tu servisu, nodro\u0161inot, ka katrs klients sa\u0146em piel\u0101gotus risin\u0101jumus un izcilu atbalstu.<\/p>\n        <\/div>\n    <\/div>\n\n\n            <\/div>\n        <\/div>\n    <\/div>\n<\/section>\n\n<figure class=\"wp-block-image size-full full-size-image\"><img src=https:\/\/rikoncranes.com\/wp-content\/uploads\/2025\/10\/about-rikon-gallery-4.jpg alt=\"\" class=\"wp-image-338\"\/><figcaption class=\"wp-element-caption\">4 PRS-1600 port\u0101lcelt\u0146u pieg\u0101de<\/figcaption><\/figure>\n","protected":false},"excerpt":{"rendered":"","protected":false},"author":1,"featured_media":0,"parent":0,"menu_order":3,"comment_status":"closed","ping_status":"closed","template":"full-width-page","meta":{"_acf_changed":false,"footnotes":""},"class_list":["post-476","page","type-page","status-publish","hentry"],"acf":[],"yoast_head":"<!-- This site is optimized with the Yoast SEO Premium plugin v1 (Yoast SEO v27.3) - https:\/\/yoast.com\/product\/yoast-seo-premium-wordpress\/ -->\n<title>RIKON v\u0113sture un misija<\/title>\n<meta name=\"description\" content=\"Uz\u0146\u0113mum\u0101 RIKON m\u0113s ne tikai ra\u017eojam celt\u0146us. M\u0113s veidojam ilgtsp\u0113j\u012bgu n\u0101kotni pasaules pacel\u0161anas un transport\u0113\u0161anas nozarei.\" \/>\n<meta name=\"robots\" content=\"index, follow, max-snippet:-1, max-image-preview:large, max-video-preview:-1\" \/>\n<link rel=\"canonical\" href=\"https:\/\/rikoncranes.com\/lv\/vesture-un-misija\/\" \/>\n<meta property=\"og:locale\" content=\"lv_LV\" \/>\n<meta property=\"og:type\" content=\"article\" \/>\n<meta property=\"og:title\" content=\"RIKON v\u0113sture un misija\" \/>\n<meta property=\"og:description\" content=\"Uz\u0146\u0113mum\u0101 RIKON m\u0113s ne tikai ra\u017eojam celt\u0146us. M\u0113s veidojam ilgtsp\u0113j\u012bgu n\u0101kotni pasaules pacel\u0161anas un transport\u0113\u0161anas nozarei.\" \/>\n<meta property=\"og:url\" content=\"https:\/\/rikoncranes.com\/lv\/vesture-un-misija\/\" \/>\n<meta property=\"og:site_name\" content=\"RIKON\" \/>\n<meta property=\"article:modified_time\" content=\"2025-12-02T14:42:25+00:00\" \/>\n<meta property=\"og:image\" content=\"https:\/\/rikoncranes.com\/wp-content\/uploads\/2025\/10\/history-1.jpg\" \/>\n\t<meta property=\"og:image:width\" content=\"1600\" \/>\n\t<meta property=\"og:image:height\" content=\"1190\" \/>\n\t<meta property=\"og:image:type\" content=\"image\/jpeg\" \/>\n<meta name=\"twitter:card\" content=\"summary_large_image\" \/>\n<meta name=\"twitter:label1\" content=\"Est. reading time\" \/>\n\t<meta name=\"twitter:data1\" content=\"2 minutes\" \/>\n<script type=\"application\/ld+json\" class=\"yoast-schema-graph\">{\"@context\":\"https:\\\/\\\/schema.org\",\"@graph\":[{\"@type\":\"WebPage\",\"@id\":\"https:\\\/\\\/rikoncranes.com\\\/lv\\\/vesture-un-misija\\\/\",\"url\":\"https:\\\/\\\/rikoncranes.com\\\/lv\\\/vesture-un-misija\\\/\",\"name\":\"RIKON v\u0113sture un misija\",\"isPartOf\":{\"@id\":\"https:\\\/\\\/rikoncranes.com\\\/lv\\\/#website\"},\"primaryImageOfPage\":{\"@id\":\"https:\\\/\\\/rikoncranes.com\\\/lv\\\/vesture-un-misija\\\/#primaryimage\"},\"image\":{\"@id\":\"https:\\\/\\\/rikoncranes.com\\\/lv\\\/vesture-un-misija\\\/#primaryimage\"},\"thumbnailUrl\":\"https:\\\/\\\/rikoncranes.com\\\/wp-content\\\/uploads\\\/2025\\\/10\\\/history-1.jpg\",\"datePublished\":\"2025-10-10T09:26:58+00:00\",\"dateModified\":\"2025-12-02T14:42:25+00:00\",\"description\":\"Uz\u0146\u0113mum\u0101 RIKON m\u0113s ne tikai ra\u017eojam celt\u0146us. M\u0113s veidojam ilgtsp\u0113j\u012bgu n\u0101kotni pasaules pacel\u0161anas un transport\u0113\u0161anas nozarei.\",\"breadcrumb\":{\"@id\":\"https:\\\/\\\/rikoncranes.com\\\/lv\\\/vesture-un-misija\\\/#breadcrumb\"},\"inLanguage\":\"lv-LV\",\"potentialAction\":[{\"@type\":\"ReadAction\",\"target\":[\"https:\\\/\\\/rikoncranes.com\\\/lv\\\/vesture-un-misija\\\/\"]}]},{\"@type\":\"ImageObject\",\"inLanguage\":\"lv-LV\",\"@id\":\"https:\\\/\\\/rikoncranes.com\\\/lv\\\/vesture-un-misija\\\/#primaryimage\",\"url\":\"https:\\\/\\\/rikoncranes.com\\\/wp-content\\\/uploads\\\/2025\\\/10\\\/history-1.jpg\",\"contentUrl\":\"https:\\\/\\\/rikoncranes.com\\\/wp-content\\\/uploads\\\/2025\\\/10\\\/history-1.jpg\"},{\"@type\":\"BreadcrumbList\",\"@id\":\"https:\\\/\\\/rikoncranes.com\\\/lv\\\/vesture-un-misija\\\/#breadcrumb\",\"itemListElement\":[{\"@type\":\"ListItem\",\"position\":1,\"name\":\"Home\",\"item\":\"https:\\\/\\\/rikoncranes.com\\\/lv\\\/\"},{\"@type\":\"ListItem\",\"position\":2,\"name\":\"V\u0113sture un misija\"}]},{\"@type\":\"WebSite\",\"@id\":\"https:\\\/\\\/rikoncranes.com\\\/lv\\\/#website\",\"url\":\"https:\\\/\\\/rikoncranes.com\\\/lv\\\/\",\"name\":\"RIKONCRANES.COM\",\"description\":\"\",\"publisher\":{\"@id\":\"https:\\\/\\\/rikoncranes.com\\\/lv\\\/#organization\"},\"potentialAction\":[{\"@type\":\"SearchAction\",\"target\":{\"@type\":\"EntryPoint\",\"urlTemplate\":\"https:\\\/\\\/rikoncranes.com\\\/lv\\\/?s={search_term_string}\"},\"query-input\":{\"@type\":\"PropertyValueSpecification\",\"valueRequired\":true,\"valueName\":\"search_term_string\"}}],\"inLanguage\":\"lv-LV\"},{\"@type\":\"Organization\",\"@id\":\"https:\\\/\\\/rikoncranes.com\\\/lv\\\/#organization\",\"name\":\"RIKON JSC\",\"url\":\"https:\\\/\\\/rikoncranes.com\\\/lv\\\/\",\"logo\":{\"@type\":\"ImageObject\",\"inLanguage\":\"lv-LV\",\"@id\":\"https:\\\/\\\/rikoncranes.com\\\/lv\\\/#\\\/schema\\\/logo\\\/image\\\/\",\"url\":\"https:\\\/\\\/rikoncranes.com\\\/wp-content\\\/uploads\\\/2025\\\/11\\\/site-logotype.svg\",\"contentUrl\":\"https:\\\/\\\/rikoncranes.com\\\/wp-content\\\/uploads\\\/2025\\\/11\\\/site-logotype.svg\",\"width\":1160,\"height\":203,\"caption\":\"RIKON JSC\"},\"image\":{\"@id\":\"https:\\\/\\\/rikoncranes.com\\\/lv\\\/#\\\/schema\\\/logo\\\/image\\\/\"}}]}<\/script>\n<!-- \/ Yoast SEO Premium plugin. -->","yoast_head_json":{"title":"RIKON v\u0113sture un misija","description":"Uz\u0146\u0113mum\u0101 RIKON m\u0113s ne tikai ra\u017eojam celt\u0146us. M\u0113s veidojam ilgtsp\u0113j\u012bgu n\u0101kotni pasaules pacel\u0161anas un transport\u0113\u0161anas nozarei.","robots":{"index":"index","follow":"follow","max-snippet":"max-snippet:-1","max-image-preview":"max-image-preview:large","max-video-preview":"max-video-preview:-1"},"canonical":"https:\/\/rikoncranes.com\/lv\/vesture-un-misija\/","og_locale":"lv_LV","og_type":"article","og_title":"RIKON v\u0113sture un misija","og_description":"Uz\u0146\u0113mum\u0101 RIKON m\u0113s ne tikai ra\u017eojam celt\u0146us. M\u0113s veidojam ilgtsp\u0113j\u012bgu n\u0101kotni pasaules pacel\u0161anas un transport\u0113\u0161anas nozarei.","og_url":"https:\/\/rikoncranes.com\/lv\/vesture-un-misija\/","og_site_name":"RIKON","article_modified_time":"2025-12-02T14:42:25+00:00","og_image":[{"width":1600,"height":1190,"url":"https:\/\/rikoncranes.com\/wp-content\/uploads\/2025\/10\/history-1.jpg","type":"image\/jpeg"}],"twitter_card":"summary_large_image","twitter_misc":{"Est. reading time":"2 minutes"},"schema":{"@context":"https:\/\/schema.org","@graph":[{"@type":"WebPage","@id":"https:\/\/rikoncranes.com\/lv\/vesture-un-misija\/","url":"https:\/\/rikoncranes.com\/lv\/vesture-un-misija\/","name":"RIKON v\u0113sture un misija","isPartOf":{"@id":"https:\/\/rikoncranes.com\/lv\/#website"},"primaryImageOfPage":{"@id":"https:\/\/rikoncranes.com\/lv\/vesture-un-misija\/#primaryimage"},"image":{"@id":"https:\/\/rikoncranes.com\/lv\/vesture-un-misija\/#primaryimage"},"thumbnailUrl":"https:\/\/rikoncranes.com\/wp-content\/uploads\/2025\/10\/history-1.jpg","datePublished":"2025-10-10T09:26:58+00:00","dateModified":"2025-12-02T14:42:25+00:00","description":"Uz\u0146\u0113mum\u0101 RIKON m\u0113s ne tikai ra\u017eojam celt\u0146us. M\u0113s veidojam ilgtsp\u0113j\u012bgu n\u0101kotni pasaules pacel\u0161anas un transport\u0113\u0161anas nozarei.","breadcrumb":{"@id":"https:\/\/rikoncranes.com\/lv\/vesture-un-misija\/#breadcrumb"},"inLanguage":"lv-LV","potentialAction":[{"@type":"ReadAction","target":["https:\/\/rikoncranes.com\/lv\/vesture-un-misija\/"]}]},{"@type":"ImageObject","inLanguage":"lv-LV","@id":"https:\/\/rikoncranes.com\/lv\/vesture-un-misija\/#primaryimage","url":"https:\/\/rikoncranes.com\/wp-content\/uploads\/2025\/10\/history-1.jpg","contentUrl":"https:\/\/rikoncranes.com\/wp-content\/uploads\/2025\/10\/history-1.jpg"},{"@type":"BreadcrumbList","@id":"https:\/\/rikoncranes.com\/lv\/vesture-un-misija\/#breadcrumb","itemListElement":[{"@type":"ListItem","position":1,"name":"Home","item":"https:\/\/rikoncranes.com\/lv\/"},{"@type":"ListItem","position":2,"name":"V\u0113sture un misija"}]},{"@type":"WebSite","@id":"https:\/\/rikoncranes.com\/lv\/#website","url":"https:\/\/rikoncranes.com\/lv\/","name":"RIKONCRANES.COM","description":"","publisher":{"@id":"https:\/\/rikoncranes.com\/lv\/#organization"},"potentialAction":[{"@type":"SearchAction","target":{"@type":"EntryPoint","urlTemplate":"https:\/\/rikoncranes.com\/lv\/?s={search_term_string}"},"query-input":{"@type":"PropertyValueSpecification","valueRequired":true,"valueName":"search_term_string"}}],"inLanguage":"lv-LV"},{"@type":"Organization","@id":"https:\/\/rikoncranes.com\/lv\/#organization","name":"RIKON JSC","url":"https:\/\/rikoncranes.com\/lv\/","logo":{"@type":"ImageObject","inLanguage":"lv-LV","@id":"https:\/\/rikoncranes.com\/lv\/#\/schema\/logo\/image\/","url":"https:\/\/rikoncranes.com\/wp-content\/uploads\/2025\/11\/site-logotype.svg","contentUrl":"https:\/\/rikoncranes.com\/wp-content\/uploads\/2025\/11\/site-logotype.svg","width":1160,"height":203,"caption":"RIKON JSC"},"image":{"@id":"https:\/\/rikoncranes.com\/lv\/#\/schema\/logo\/image\/"}}]}},"_links":{"self":[{"href":"https:\/\/rikoncranes.com\/lv\/wp-json\/wp\/v2\/pages\/476","targetHints":{"allow":["GET"]}}],"collection":[{"href":"https:\/\/rikoncranes.com\/lv\/wp-json\/wp\/v2\/pages"}],"about":[{"href":"https:\/\/rikoncranes.com\/lv\/wp-json\/wp\/v2\/types\/page"}],"author":[{"embeddable":true,"href":"https:\/\/rikoncranes.com\/lv\/wp-json\/wp\/v2\/users\/1"}],"replies":[{"embeddable":true,"href":"https:\/\/rikoncranes.com\/lv\/wp-json\/wp\/v2\/comments?post=476"}],"version-history":[{"count":1,"href":"https:\/\/rikoncranes.com\/lv\/wp-json\/wp\/v2\/pages\/476\/revisions"}],"predecessor-version":[{"id":636,"href":"https:\/\/rikoncranes.com\/lv\/wp-json\/wp\/v2\/pages\/476\/revisions\/636"}],"wp:attachment":[{"href":"https:\/\/rikoncranes.com\/lv\/wp-json\/wp\/v2\/media?parent=476"}],"curies":[{"name":"wp","href":"https:\/\/api.w.org\/{rel}","templated":true}]}}