{"id":478,"date":"2025-10-09T10:28:38","date_gmt":"2025-10-09T10:28:38","guid":{"rendered":"https:\/\/rikoncranes.com\/privacy-policy\/"},"modified":"2025-11-07T11:29:54","modified_gmt":"2025-11-07T11:29:54","slug":"privatuma-politika","status":"publish","type":"page","link":"https:\/\/rikoncranes.com\/lv\/privatuma-politika\/","title":{"rendered":"Priv\u0101tuma politika"},"content":{"rendered":"\n<h1 class=\"wp-block-heading\">Priv\u0101tuma politika<\/h1>\n\n<h2 class=\"wp-block-heading\"><strong>Ievads<\/strong><\/h2>\n\n<p>Akciju sabiedr\u012bb\u0101 RIKON (\u201cRIKON\u201d, \u201cm\u0113s\u201d, \u201cmums\u201d vai \u201cm\u016bsu\u201d), kas pieejama vietn\u0113 https:\/\/rikon.lv\/, m\u0113s esam ap\u0146\u0113mu\u0161ies aizsarg\u0101t j\u016bsu priv\u0101tumu un nodro\u0161in\u0101t, ka j\u016bsu personas dati tiek apstr\u0101d\u0101ti dro\u0161i un atbild\u012bgi. \u0160aj\u0101 Priv\u0101tuma politik\u0101 ir paskaidrots, k\u0101 m\u0113s apstr\u0101d\u0101jam un aizsarg\u0101jam j\u016bsu personas datus, ko sniedzat m\u016bsu t\u012bmek\u013ca vietn\u0113, iev\u0113rojot Visp\u0101r\u012bgo datu aizsardz\u012bbas regulu (VDAR).<\/p>\n\n<h2 class=\"wp-block-heading\"><strong>Inform\u0101cija par kontrolieri<\/strong><\/h2>\n\n<p>J\u016bsu personas datu p\u0101rzinis ir:<\/p>\n\n<p>RIKON, AS<\/p>\n\n<p>Tvaika iela 68B, R\u012bga, LV-1034, Latvija<\/p>\n\n<p>Kontaktpersona:<\/p>\n\n<p>SALES@RIKON.LV<\/p>\n\n<h2 class=\"wp-block-heading\"><strong>Pierakst\u012b\u0161an\u0101s jaunumiem un Mailchimp<\/strong><\/h2>\n\n<p>Ja abon\u0113jat m\u016bsu jaunumus, izmantojot t\u012bmek\u013ca vietnes abon\u0113\u0161anas veidlapu, m\u0113s apkopojam un apstr\u0101d\u0101jam j\u016bsu e-pasta adresi (un jebk\u0101du papildu inform\u0101ciju, ko izv\u0113laties sniegt, piem\u0113ram, j\u016bsu v\u0101rdu), lai periodiski nos\u016bt\u012btu atjaunin\u0101jumus par m\u016bsu produktiem, pakalpojumiem un uz\u0146\u0113muma jaunumiem.<\/p>\n\n<p>Jaut\u0101jumu abonementu p\u0101rvald\u012bbai un m\u016bsu e-pasta zi\u0146ojumu izplat\u012b\u0161anai m\u0113s izmantojam Mailchimp, tre\u0161\u0101s puses e-pasta m\u0101rketinga platformu, ko p\u0101rvalda Intuit Inc. (Amerikas Savienot\u0101s Valstis). Mailchimp darbojas k\u0101 m\u016bsu datu apstr\u0101d\u0101t\u0101js saska\u0146\u0101 ar GDPR un apstr\u0101d\u0101 j\u016bsu datus, pamatojoties uz m\u016bsu nor\u0101d\u012bjumiem.<\/p>\n\n<p>Abon\u0113jot m\u016bsu jaunumus, j\u016bs apliecin\u0101t, ka j\u016bsu sniegt\u0101 e-pasta adrese un saist\u012btie dati tiks p\u0101rs\u016bt\u012bti un glab\u0101ti Mailchimp serveros. \u0160ie serveri var atrasties Amerikas Savienotaj\u0101s Valst\u012bs, un Mailchimp ir ap\u0146\u0113mies iev\u0113rot GDPR atbilsto\u0161us datu p\u0101rs\u016bt\u012b\u0161anas meh\u0101nismus starp ES un ASV.<\/p>\n\n<p>Mailchimp nodro\u0161ina GDPR atbilsto\u0161as \u200b\u200bre\u0123istr\u0101cijas veidlapas, nep\u0101rprotamas piekri\u0161anas izseko\u0161anu un sp\u0113c\u012bgas dro\u0161\u012bbas funkcijas. Katr\u0101 sa\u0146emtaj\u0101 m\u0101rketinga e-past\u0101 b\u016bs iek\u013cauta saite \u201catteikties no abon\u0113\u0161anas\u201d, kas \u013caus jums jebkur\u0101 laik\u0101 atsaukt savu piekri\u0161anu un p\u0101rtraukt visu informat\u012bv\u0101 izdevuma sa\u0146em\u0161anu. Varat ar\u012b sazin\u0101ties ar mums pa e-pastu SALES@RIKON.LV, lai piepras\u012btu piek\u013cuvi saviem datiem, to labo\u0161anu vai dz\u0113\u0161anu.&nbsp;<\/p>\n\n<p>Mailchimp nekop\u012bgo j\u016bsu inform\u0101ciju ar cit\u0101m pus\u0113m un apstr\u0101d\u0101 j\u016bsu datus tikai, lai sniegtu informat\u012bv\u0101 izdevuma pakalpojumu m\u016bsu v\u0101rd\u0101. S\u012bk\u0101ku inform\u0101ciju skatiet Mailchimp priv\u0101tuma politik\u0101.<\/p>\n\n<h2 class=\"wp-block-heading\"><strong>K\u0101dus datus m\u0113s apkopojam<\/strong><\/h2>\n\n<p>Kad j\u016bs sazin\u0101ties ar mums, izmantojot m\u016bsu veidlapu \u201cSazinieties ar mums\u201d, m\u0113s apkopojam:<\/p>\n\n<ul class=\"wp-block-list\">\n<li>J\u016bsu v\u0101rdu<\/li>\n\n\n\n<li>J\u016bsu e-pasta adresi<\/li>\n\n\n\n<li>J\u016bsu uz\u0146\u0113muma nosaukumu<\/li>\n\n\n\n<li>J\u016bsu t\u0101lru\u0146a numuru (ja nor\u0101d\u012bts)<\/li>\n<\/ul>\n\n<p>M\u0113s apzin\u0101ti nev\u0101cam nek\u0101dus sensit\u012bvus personas datus, izmantojot m\u016bsu veidlapas.<\/p>\n\n<h2 class=\"wp-block-heading\"><strong>Apstr\u0101des m\u0113r\u0137is un juridiskais pamats<\/strong><\/h2>\n\n<p>M\u0113s apstr\u0101d\u0101jam j\u016bsu datus, lai:<\/p>\n\n<ul class=\"wp-block-list\">\n<li>Atbild\u0113tu uz j\u016bsu jaut\u0101jumiem vai piepras\u012bjumiem<\/li>\n\n\n\n<li>Sazin\u0101tos ar jums par j\u016bsu jaut\u0101jumu vai koment\u0101ru<\/li>\n<\/ul>\n\n<p>M\u016bsu juridiskais pamats \u0161\u012bs inform\u0101cijas apstr\u0101dei ir j\u016bsu piekri\u0161ana, kas sniegta, iesniedzot veidlapu, un m\u016bsu le\u0123it\u012bm\u0101s intereses atbild\u0113t uz jaut\u0101jumiem, kas attiecas uz m\u016bsu uz\u0146\u0113m\u0113jdarb\u012bbu.<\/p>\n\n<h2 class=\"wp-block-heading\"><strong>Datu saglab\u0101\u0161ana<\/strong><\/h2>\n\n<p>M\u0113s saglab\u0101jam personas datus tikai tik ilgi, cik nepiecie\u0161ams iepriek\u0161 aprakst\u012bto m\u0113r\u0137u sasnieg\u0161anai, ja vien likums neparedz cit\u0101di. Parasti dati, kas iesniegti, izmantojot kontaktformu, tiek saglab\u0101ti, l\u012bdz j\u016bsu piepras\u012bjums ir atrisin\u0101ts vai tik ilgi, cik cit\u0101di ir nepiecie\u0161ams notieko\u0161ajai sazi\u0146ai.<\/p>\n\n<h2 class=\"wp-block-heading\"><strong>Datu koplieto\u0161ana un p\u0101rs\u016bt\u012b\u0161ana<\/strong><\/h2>\n\n<p>J\u016bsu personas dati netiks kop\u012bgoti ar tre\u0161aj\u0101m person\u0101m, iz\u0146emot gad\u012bjumus, kad to pieprasa likums vai pakalpojumu sniedz\u0113ji, kas pal\u012bdz mums atbild\u0113t uz j\u016bsu piepras\u012bjumu (piem\u0113ram, IT atbalsts), un mums ir j\u0101iev\u0113ro konfidencialit\u0101te un j\u0101atbilst GDPR pras\u012bb\u0101m. Dati tiek glab\u0101ti dro\u0161os serveros Eiropas Savien\u012bb\u0101.<\/p>\n\n<h2 class=\"wp-block-heading\"><strong>J\u016bsu ties\u012bbas<\/strong><\/h2>\n\n<p>Saska\u0146\u0101 ar GDPR jums ir \u0161\u0101das ties\u012bbas:<\/p>\n\n<ul class=\"wp-block-list\">\n<li>Ties\u012bbas piek\u013c\u016bt saviem datiem un sa\u0146emt to kopiju<\/li>\n\n\n\n<li>Ties\u012bbas labot nepareizus vai nepiln\u012bgus datus<\/li>\n\n\n\n<li>Ties\u012bbas uz dz\u0113\u0161anu (\u201cties\u012bbas tikt aizmirstam\u201d), iev\u0113rojot juridiskos ierobe\u017eojumus<\/li>\n\n\n\n<li>Ties\u012bbas ierobe\u017eot datu apstr\u0101di vai iebilst pret to<\/li>\n\n\n\n<li>Ties\u012bbas jebkur\u0101 laik\u0101 atsaukt savu piekri\u0161anu<\/li>\n\n\n\n<li>Ties\u012bbas iesniegt s\u016bdz\u012bbu datu aizsardz\u012bbas iest\u0101d\u0113<\/li>\n<\/ul>\n\n<p>Lai \u012bstenotu savas ties\u012bbas vai uzzin\u0101tu par saviem datiem, l\u016bdzu, rakstiet uz e-pastu SALES@RIKON.LV.<\/p>\n\n<h2 class=\"wp-block-heading\"><strong>Dro\u0161\u012bba<\/strong><\/h2>\n\n<p>M\u0113s izmantojam tehniskus un organizatoriskus pas\u0101kumus, lai aizsarg\u0101tu j\u016bsu personas datus no nesankcion\u0113tas piek\u013cuves, p\u0101rveido\u0161anas, izpau\u0161anas vai izn\u012bcin\u0101\u0161anas.<\/p>\n\n<h2 class=\"wp-block-heading\"><strong>Politikas atjaunin\u0101jumi<\/strong><\/h2>\n\n<p>M\u0113s varam atjaunin\u0101t \u0161o konfidencialit\u0101tes politiku, lai atspogu\u013cotu izmai\u0146as m\u016bsu datu apstr\u0101des praks\u0113. M\u0113s iesak\u0101m jums periodiski p\u0101rskat\u012bt \u0161o lapu. Izmai\u0146as st\u0101jas sp\u0113k\u0101 p\u0113c to public\u0113\u0161anas \u0161aj\u0101 lap\u0101.<\/p>\n\n<h2 class=\"wp-block-heading\"><strong>Kontaktinform\u0101cija<\/strong><\/h2>\n\n<p>Ja jums ir jaut\u0101jumi par \u0161o Priv\u0101tuma politiku vai j\u016bsu datiem, l\u016bdzu, sazinieties ar mums pa e-pastu SALES@RIKON.LV.<\/p>\n","protected":false},"excerpt":{"rendered":"<p>Priv\u0101tuma politika Ievads Akciju sabiedr\u012bb\u0101 RIKON (\u201cRIKON\u201d, \u201cm\u0113s\u201d, \u201cmums\u201d vai \u201cm\u016bsu\u201d), kas pieejama vietn\u0113 https:\/\/rikon.lv\/, m\u0113s esam ap\u0146\u0113mu\u0161ies aizsarg\u0101t j\u016bsu priv\u0101tumu un nodro\u0161in\u0101t, ka j\u016bsu personas dati tiek apstr\u0101d\u0101ti dro\u0161i un atbild\u012bgi. \u0160aj\u0101 Priv\u0101tuma politik\u0101 ir paskaidrots, k\u0101 m\u0113s apstr\u0101d\u0101jam un aizsarg\u0101jam j\u016bsu personas datus, ko sniedzat m\u016bsu t\u012bmek\u013ca vietn\u0113, iev\u0113rojot Visp\u0101r\u012bgo datu aizsardz\u012bbas regulu [&hellip;]<\/p>\n","protected":false},"author":1,"featured_media":0,"parent":0,"menu_order":5,"comment_status":"closed","ping_status":"closed","template":"","meta":{"_acf_changed":false,"footnotes":""},"class_list":["post-478","page","type-page","status-publish","hentry"],"acf":[],"yoast_head":"<!-- This site is optimized with the Yoast SEO Premium plugin v1 (Yoast SEO v27.3) - https:\/\/yoast.com\/product\/yoast-seo-premium-wordpress\/ -->\n<title>Priv\u0101tuma politika - RIKON<\/title>\n<meta name=\"robots\" content=\"index, follow, max-snippet:-1, max-image-preview:large, max-video-preview:-1\" \/>\n<link rel=\"canonical\" href=\"https:\/\/rikoncranes.com\/lv\/privatuma-politika\/\" \/>\n<meta property=\"og:locale\" content=\"lv_LV\" \/>\n<meta property=\"og:type\" content=\"article\" \/>\n<meta property=\"og:title\" content=\"Priv\u0101tuma politika - RIKON\" \/>\n<meta property=\"og:description\" content=\"Priv\u0101tuma politika Ievads Akciju sabiedr\u012bb\u0101 RIKON (\u201cRIKON\u201d, \u201cm\u0113s\u201d, \u201cmums\u201d vai \u201cm\u016bsu\u201d), kas pieejama vietn\u0113 https:\/\/rikon.lv\/, m\u0113s esam ap\u0146\u0113mu\u0161ies aizsarg\u0101t j\u016bsu priv\u0101tumu un nodro\u0161in\u0101t, ka j\u016bsu personas dati tiek apstr\u0101d\u0101ti dro\u0161i un atbild\u012bgi. \u0160aj\u0101 Priv\u0101tuma politik\u0101 ir paskaidrots, k\u0101 m\u0113s apstr\u0101d\u0101jam un aizsarg\u0101jam j\u016bsu personas datus, ko sniedzat m\u016bsu t\u012bmek\u013ca vietn\u0113, iev\u0113rojot Visp\u0101r\u012bgo datu aizsardz\u012bbas regulu [&hellip;]\" \/>\n<meta property=\"og:url\" content=\"https:\/\/rikoncranes.com\/lv\/privatuma-politika\/\" \/>\n<meta property=\"og:site_name\" content=\"RIKON\" \/>\n<meta property=\"article:modified_time\" content=\"2025-11-07T11:29:54+00:00\" \/>\n<meta name=\"twitter:card\" content=\"summary_large_image\" \/>\n<meta name=\"twitter:label1\" content=\"Est. reading time\" \/>\n\t<meta name=\"twitter:data1\" content=\"3 minutes\" \/>\n<script type=\"application\/ld+json\" class=\"yoast-schema-graph\">{\"@context\":\"https:\\\/\\\/schema.org\",\"@graph\":[{\"@type\":\"WebPage\",\"@id\":\"https:\\\/\\\/rikoncranes.com\\\/lv\\\/privatuma-politika\\\/\",\"url\":\"https:\\\/\\\/rikoncranes.com\\\/lv\\\/privatuma-politika\\\/\",\"name\":\"Priv\u0101tuma politika - RIKON\",\"isPartOf\":{\"@id\":\"https:\\\/\\\/rikoncranes.com\\\/lv\\\/#website\"},\"datePublished\":\"2025-10-09T10:28:38+00:00\",\"dateModified\":\"2025-11-07T11:29:54+00:00\",\"breadcrumb\":{\"@id\":\"https:\\\/\\\/rikoncranes.com\\\/lv\\\/privatuma-politika\\\/#breadcrumb\"},\"inLanguage\":\"lv-LV\",\"potentialAction\":[{\"@type\":\"ReadAction\",\"target\":[\"https:\\\/\\\/rikoncranes.com\\\/lv\\\/privatuma-politika\\\/\"]}]},{\"@type\":\"BreadcrumbList\",\"@id\":\"https:\\\/\\\/rikoncranes.com\\\/lv\\\/privatuma-politika\\\/#breadcrumb\",\"itemListElement\":[{\"@type\":\"ListItem\",\"position\":1,\"name\":\"Home\",\"item\":\"https:\\\/\\\/rikoncranes.com\\\/lv\\\/\"},{\"@type\":\"ListItem\",\"position\":2,\"name\":\"Priv\u0101tuma politika\"}]},{\"@type\":\"WebSite\",\"@id\":\"https:\\\/\\\/rikoncranes.com\\\/lv\\\/#website\",\"url\":\"https:\\\/\\\/rikoncranes.com\\\/lv\\\/\",\"name\":\"RIKONCRANES.COM\",\"description\":\"\",\"publisher\":{\"@id\":\"https:\\\/\\\/rikoncranes.com\\\/lv\\\/#organization\"},\"potentialAction\":[{\"@type\":\"SearchAction\",\"target\":{\"@type\":\"EntryPoint\",\"urlTemplate\":\"https:\\\/\\\/rikoncranes.com\\\/lv\\\/?s={search_term_string}\"},\"query-input\":{\"@type\":\"PropertyValueSpecification\",\"valueRequired\":true,\"valueName\":\"search_term_string\"}}],\"inLanguage\":\"lv-LV\"},{\"@type\":\"Organization\",\"@id\":\"https:\\\/\\\/rikoncranes.com\\\/lv\\\/#organization\",\"name\":\"RIKON JSC\",\"url\":\"https:\\\/\\\/rikoncranes.com\\\/lv\\\/\",\"logo\":{\"@type\":\"ImageObject\",\"inLanguage\":\"lv-LV\",\"@id\":\"https:\\\/\\\/rikoncranes.com\\\/lv\\\/#\\\/schema\\\/logo\\\/image\\\/\",\"url\":\"https:\\\/\\\/rikoncranes.com\\\/wp-content\\\/uploads\\\/2025\\\/11\\\/site-logotype.svg\",\"contentUrl\":\"https:\\\/\\\/rikoncranes.com\\\/wp-content\\\/uploads\\\/2025\\\/11\\\/site-logotype.svg\",\"width\":1160,\"height\":203,\"caption\":\"RIKON JSC\"},\"image\":{\"@id\":\"https:\\\/\\\/rikoncranes.com\\\/lv\\\/#\\\/schema\\\/logo\\\/image\\\/\"}}]}<\/script>\n<!-- \/ Yoast SEO Premium plugin. -->","yoast_head_json":{"title":"Priv\u0101tuma politika - RIKON","robots":{"index":"index","follow":"follow","max-snippet":"max-snippet:-1","max-image-preview":"max-image-preview:large","max-video-preview":"max-video-preview:-1"},"canonical":"https:\/\/rikoncranes.com\/lv\/privatuma-politika\/","og_locale":"lv_LV","og_type":"article","og_title":"Priv\u0101tuma politika - RIKON","og_description":"Priv\u0101tuma politika Ievads Akciju sabiedr\u012bb\u0101 RIKON (\u201cRIKON\u201d, \u201cm\u0113s\u201d, \u201cmums\u201d vai \u201cm\u016bsu\u201d), kas pieejama vietn\u0113 https:\/\/rikon.lv\/, m\u0113s esam ap\u0146\u0113mu\u0161ies aizsarg\u0101t j\u016bsu priv\u0101tumu un nodro\u0161in\u0101t, ka j\u016bsu personas dati tiek apstr\u0101d\u0101ti dro\u0161i un atbild\u012bgi. \u0160aj\u0101 Priv\u0101tuma politik\u0101 ir paskaidrots, k\u0101 m\u0113s apstr\u0101d\u0101jam un aizsarg\u0101jam j\u016bsu personas datus, ko sniedzat m\u016bsu t\u012bmek\u013ca vietn\u0113, iev\u0113rojot Visp\u0101r\u012bgo datu aizsardz\u012bbas regulu [&hellip;]","og_url":"https:\/\/rikoncranes.com\/lv\/privatuma-politika\/","og_site_name":"RIKON","article_modified_time":"2025-11-07T11:29:54+00:00","twitter_card":"summary_large_image","twitter_misc":{"Est. reading time":"3 minutes"},"schema":{"@context":"https:\/\/schema.org","@graph":[{"@type":"WebPage","@id":"https:\/\/rikoncranes.com\/lv\/privatuma-politika\/","url":"https:\/\/rikoncranes.com\/lv\/privatuma-politika\/","name":"Priv\u0101tuma politika - RIKON","isPartOf":{"@id":"https:\/\/rikoncranes.com\/lv\/#website"},"datePublished":"2025-10-09T10:28:38+00:00","dateModified":"2025-11-07T11:29:54+00:00","breadcrumb":{"@id":"https:\/\/rikoncranes.com\/lv\/privatuma-politika\/#breadcrumb"},"inLanguage":"lv-LV","potentialAction":[{"@type":"ReadAction","target":["https:\/\/rikoncranes.com\/lv\/privatuma-politika\/"]}]},{"@type":"BreadcrumbList","@id":"https:\/\/rikoncranes.com\/lv\/privatuma-politika\/#breadcrumb","itemListElement":[{"@type":"ListItem","position":1,"name":"Home","item":"https:\/\/rikoncranes.com\/lv\/"},{"@type":"ListItem","position":2,"name":"Priv\u0101tuma politika"}]},{"@type":"WebSite","@id":"https:\/\/rikoncranes.com\/lv\/#website","url":"https:\/\/rikoncranes.com\/lv\/","name":"RIKONCRANES.COM","description":"","publisher":{"@id":"https:\/\/rikoncranes.com\/lv\/#organization"},"potentialAction":[{"@type":"SearchAction","target":{"@type":"EntryPoint","urlTemplate":"https:\/\/rikoncranes.com\/lv\/?s={search_term_string}"},"query-input":{"@type":"PropertyValueSpecification","valueRequired":true,"valueName":"search_term_string"}}],"inLanguage":"lv-LV"},{"@type":"Organization","@id":"https:\/\/rikoncranes.com\/lv\/#organization","name":"RIKON JSC","url":"https:\/\/rikoncranes.com\/lv\/","logo":{"@type":"ImageObject","inLanguage":"lv-LV","@id":"https:\/\/rikoncranes.com\/lv\/#\/schema\/logo\/image\/","url":"https:\/\/rikoncranes.com\/wp-content\/uploads\/2025\/11\/site-logotype.svg","contentUrl":"https:\/\/rikoncranes.com\/wp-content\/uploads\/2025\/11\/site-logotype.svg","width":1160,"height":203,"caption":"RIKON JSC"},"image":{"@id":"https:\/\/rikoncranes.com\/lv\/#\/schema\/logo\/image\/"}}]}},"_links":{"self":[{"href":"https:\/\/rikoncranes.com\/lv\/wp-json\/wp\/v2\/pages\/478","targetHints":{"allow":["GET"]}}],"collection":[{"href":"https:\/\/rikoncranes.com\/lv\/wp-json\/wp\/v2\/pages"}],"about":[{"href":"https:\/\/rikoncranes.com\/lv\/wp-json\/wp\/v2\/types\/page"}],"author":[{"embeddable":true,"href":"https:\/\/rikoncranes.com\/lv\/wp-json\/wp\/v2\/users\/1"}],"replies":[{"embeddable":true,"href":"https:\/\/rikoncranes.com\/lv\/wp-json\/wp\/v2\/comments?post=478"}],"version-history":[{"count":0,"href":"https:\/\/rikoncranes.com\/lv\/wp-json\/wp\/v2\/pages\/478\/revisions"}],"wp:attachment":[{"href":"https:\/\/rikoncranes.com\/lv\/wp-json\/wp\/v2\/media?parent=478"}],"curies":[{"name":"wp","href":"https:\/\/api.w.org\/{rel}","templated":true}]}}